{"id":31379,"date":"2025-05-28T15:54:36","date_gmt":"2025-05-28T13:54:36","guid":{"rendered":"https:\/\/enricopestalozziart.ch\/?post_type=product&#038;p=31379"},"modified":"2025-09-17T11:50:48","modified_gmt":"2025-09-17T09:50:48","slug":"le-divan","status":"publish","type":"product","link":"https:\/\/enricopestalozziart.ch\/pt\/produto\/le-divan\/","title":{"rendered":"Le divan"},"content":{"rendered":"<p><strong>ENRICO PESTALOZZI, <em>Le Divan<\/em>, 2024, acrylique sur toile 140 x 100 cm<\/strong><\/p>\n<p>Le divan se trouve dans le salon d\u2019un appartement bourgeois cossu style ann\u00e9es 1930 dans une ruelle de Marciana Marina. La fen\u00eatre donne sur le mur rouge \u00e9clair\u00e9 par le soleil du b\u00e2timent en face, la lumi\u00e8re entre diagonalement et se refl\u00e8te sur les objets lisses comme la table en bois verni ou la petite table de salon en verre. Le divan, plus \u00e0 l\u2019ombre, a \u00e9t\u00e9 t\u00e9moin de la vie de plusieurs g\u00e9n\u00e9rations. Qu s\u2019y est-il pass\u00e9\u00a0? Que s\u2019y est-t-il dit\u00a0? Discussions entre amis\u00a0? \u00c9bats amoureux\u00a0? Disputes, s\u00e9parations\u00a0? Nous ne le saurons jamais. C\u00f4t\u00e9 style, la ligne rouge fait son entr\u00e9e depuis le tour du tableau, elle entre et se faufile entre les objet pour rappeler que le soleil est la vie.<\/p>\n<p><strong>Option \u00e9dition 30 exemplaires sign\u00e9s \u00e0 la main<\/strong><strong> \u2013 de CHF 310 \u00e0 570<\/strong><br \/>\nCliquez sur l\u2019onglet\u00a0<em>Demande d\u2019offre<\/em>\u00a0ci-dessous<\/p>\n<p><strong>Option \u0153uvre originale \/ 2024 \/ Acrylique sur toile \/ 140 x 100 cm: <\/strong><strong>DISPONIBLE \u2013 CHF 5&rsquo;200.-<\/strong><br \/>\nCliquez sur l\u2019onglet\u00a0<em>Demande d\u2019offre<\/em>\u00a0ci-dessous<\/p>","protected":false},"excerpt":{"rendered":"<p><strong>Tirage d&rsquo;art qualit\u00e9 mus\u00e9e.<\/strong> Choisissez votre tirage d&rsquo;art parmi les options propos\u00e9es de cette peinture acrylique repr\u00e9sentant un salon bourgeois des ann\u00e9es 1930 \u00e0 Marciana Marina, la lumi\u00e8re du soleil se refl\u00e8te sur les objets lisses tandis que le divan, dans l\u2019ombre, garde les secrets de g\u00e9n\u00e9rations pass\u00e9es. La ligne rouge s\u2019y glisse, rappel discret que la vie entre avec la lumi\u00e8re.<\/p>\n<p><strong>Option \u00e9dition 30 exemplaires sign\u00e9s \u00e0 la main<\/strong><strong> \u2013 de CHF 310 \u00e0 570<\/strong><br \/>\nCliquez sur l\u2019onglet\u00a0<em>Demande d\u2019offre<\/em>\u00a0ci-dessous<\/p>\n<p><strong>Option \u0153uvre originale \/ Acrylique sur toile \/ 140 x 100 cm:\u00a0<\/strong><strong>DISPONIBLE \u2013 CHF 5&rsquo;200.-<\/strong><br \/>\nCliquez sur l\u2019onglet\u00a0<em>Demande d\u2019offre<\/em>\u00a0ci-dessous<\/p>\n<p>&nbsp;<\/p>\n<p><strong>Commandez votre tirage en \u00e9dition limit\u00e9e:<\/strong><\/p>","protected":false},"featured_media":31378,"comment_status":"open","ping_status":"closed","template":"","meta":{"iawp_total_views":52},"product_brand":[],"product_cat":[43,33,46],"product_tag":[],"class_list":{"0":"post-31379","1":"product","2":"type-product","3":"status-publish","4":"has-post-thumbnail","6":"product_cat-oeuvres-originales","7":"product_cat-tirages-art-acryliques","8":"product_cat-tous","9":"pa_edition-type-limited-edition-100","10":"pa_edition-type-open-edition","12":"first","13":"instock","14":"taxable","15":"shipping-taxable","16":"purchasable","17":"product-type-variable"},"_links":{"self":[{"href":"https:\/\/enricopestalozziart.ch\/pt\/wp-json\/wp\/v2\/product\/31379","targetHints":{"allow":["GET"]}}],"collection":[{"href":"https:\/\/enricopestalozziart.ch\/pt\/wp-json\/wp\/v2\/product"}],"about":[{"href":"https:\/\/enricopestalozziart.ch\/pt\/wp-json\/wp\/v2\/types\/product"}],"replies":[{"embeddable":true,"href":"https:\/\/enricopestalozziart.ch\/pt\/wp-json\/wp\/v2\/comments?post=31379"}],"wp:featuredmedia":[{"embeddable":true,"href":"https:\/\/enricopestalozziart.ch\/pt\/wp-json\/wp\/v2\/media\/31378"}],"wp:attachment":[{"href":"https:\/\/enricopestalozziart.ch\/pt\/wp-json\/wp\/v2\/media?parent=31379"}],"wp:term":[{"taxonomy":"product_brand","embeddable":true,"href":"https:\/\/enricopestalozziart.ch\/pt\/wp-json\/wp\/v2\/product_brand?post=31379"},{"taxonomy":"product_cat","embeddable":true,"href":"https:\/\/enricopestalozziart.ch\/pt\/wp-json\/wp\/v2\/product_cat?post=31379"},{"taxonomy":"product_tag","embeddable":true,"href":"https:\/\/enricopestalozziart.ch\/pt\/wp-json\/wp\/v2\/product_tag?post=31379"}],"curies":[{"name":"wp","href":"https:\/\/api.w.org\/{rel}","templated":true}]}}