{"id":29205,"date":"2024-12-13T18:25:15","date_gmt":"2024-12-13T17:25:15","guid":{"rendered":"https:\/\/enricopestalozziart.ch\/?page_id=29205"},"modified":"2025-06-11T16:52:43","modified_gmt":"2025-06-11T14:52:43","slug":"livraison","status":"publish","type":"page","link":"https:\/\/enricopestalozziart.ch\/pt\/livraison\/","title":{"rendered":"Livraison"},"content":{"rendered":"<div data-elementor-type=\"wp-page\" data-elementor-id=\"29205\" class=\"elementor elementor-29205\" data-elementor-post-type=\"page\">\n\t\t\t\t<div class=\"elementor-element elementor-element-4cd6039 e-flex e-con-boxed e-con e-parent\" data-id=\"4cd6039\" data-element_type=\"container\" data-e-type=\"container\" data-settings=\"{&quot;background_background&quot;:&quot;classic&quot;}\">\n\t\t\t\t\t<div class=\"e-con-inner\">\n\t\t\t\t\t<\/div>\n\t\t\t\t<\/div>\n\t\t<div class=\"elementor-element elementor-element-64021c4 e-flex e-con-boxed e-con e-parent\" data-id=\"64021c4\" data-element_type=\"container\" data-e-type=\"container\">\n\t\t\t\t\t<div class=\"e-con-inner\">\n\t\t<div class=\"elementor-element elementor-element-6c4b4f3 e-con-full e-flex e-con e-child\" data-id=\"6c4b4f3\" data-element_type=\"container\" data-e-type=\"container\">\n\t\t\t\t<\/div>\n\t\t\t\t<div class=\"elementor-element elementor-element-938686f elementor-widget elementor-widget-heading\" data-id=\"938686f\" data-element_type=\"widget\" data-e-type=\"widget\" data-widget_type=\"heading.default\">\n\t\t\t\t<div class=\"elementor-widget-container\">\n\t\t\t\t\t<h2 class=\"elementor-heading-title elementor-size-default\">Mes trois \u00e9ditions \"Fine art prints\"<\/h2>\t\t\t\t<\/div>\n\t\t\t\t<\/div>\n\t\t\t\t\t<\/div>\n\t\t\t\t<\/div>\n\t\t<div class=\"elementor-element elementor-element-1902e8c e-flex e-con-boxed e-con e-parent\" data-id=\"1902e8c\" data-element_type=\"container\" data-e-type=\"container\" data-settings=\"{&quot;background_background&quot;:&quot;classic&quot;}\">\n\t\t\t\t\t<div class=\"e-con-inner\">\n\t\t<div class=\"elementor-element elementor-element-d4f501d e-con-full e-flex e-con e-child\" data-id=\"d4f501d\" data-element_type=\"container\" data-e-type=\"container\">\n\t\t\t\t<div class=\"elementor-element elementor-element-7720b57 elementor-widget elementor-widget-text-editor\" data-id=\"7720b57\" data-element_type=\"widget\" data-e-type=\"widget\" data-widget_type=\"text-editor.default\">\n\t\t\t\t<div class=\"elementor-widget-container\">\n\t\t\t\t\t\t\t\t\t<p>\u00c9ditions de qualit\u00e9 mus\u00e9e, sans limitation de tirages, sans num\u00e9rotation et sans signature\u00a0<\/p>\t\t\t\t\t\t\t\t<\/div>\n\t\t\t\t<\/div>\n\t\t\t\t<div class=\"elementor-element elementor-element-9f43847 elementor-widget elementor-widget-text-editor\" data-id=\"9f43847\" data-element_type=\"widget\" data-e-type=\"widget\" data-widget_type=\"text-editor.default\">\n\t\t\t\t<div class=\"elementor-widget-container\">\n\t\t\t\t\t\t\t\t\t<p>Papier Fine Art<br \/>Hanem\u00fchle 300 g\/m2<br \/>Impression gicl\u00e9e<\/p>\t\t\t\t\t\t\t\t<\/div>\n\t\t\t\t<\/div>\n\t\t\t\t<\/div>\n\t\t<div class=\"elementor-element elementor-element-bf26e8a e-con-full e-flex e-con e-child\" data-id=\"bf26e8a\" data-element_type=\"container\" data-e-type=\"container\">\n\t\t\t\t<div class=\"elementor-element elementor-element-87a7538 elementor-widget elementor-widget-heading\" data-id=\"87a7538\" data-element_type=\"widget\" data-e-type=\"widget\" data-widget_type=\"heading.default\">\n\t\t\t\t<div class=\"elementor-widget-container\">\n\t\t\t\t\t<h2 class=\"elementor-heading-title elementor-size-default\">Open Edition<\/h2>\t\t\t\t<\/div>\n\t\t\t\t<\/div>\n\t\t\t\t<div class=\"elementor-element elementor-element-dabfdff e-transform e-transform e-transform elementor-widget elementor-widget-image\" data-id=\"dabfdff\" data-element_type=\"widget\" data-e-type=\"widget\" data-settings=\"{&quot;_transform_rotateZ_effect&quot;:{&quot;unit&quot;:&quot;px&quot;,&quot;size&quot;:0,&quot;sizes&quot;:[]},&quot;_transform_scale_effect&quot;:{&quot;unit&quot;:&quot;px&quot;,&quot;size&quot;:1,&quot;sizes&quot;:[]},&quot;_transform_rotateZ_effect_tablet&quot;:{&quot;unit&quot;:&quot;deg&quot;,&quot;size&quot;:&quot;&quot;,&quot;sizes&quot;:[]},&quot;_transform_rotateZ_effect_mobile&quot;:{&quot;unit&quot;:&quot;deg&quot;,&quot;size&quot;:&quot;&quot;,&quot;sizes&quot;:[]},&quot;_transform_translateX_effect&quot;:{&quot;unit&quot;:&quot;px&quot;,&quot;size&quot;:&quot;&quot;,&quot;sizes&quot;:[]},&quot;_transform_translateX_effect_tablet&quot;:{&quot;unit&quot;:&quot;px&quot;,&quot;size&quot;:&quot;&quot;,&quot;sizes&quot;:[]},&quot;_transform_translateX_effect_mobile&quot;:{&quot;unit&quot;:&quot;px&quot;,&quot;size&quot;:&quot;&quot;,&quot;sizes&quot;:[]},&quot;_transform_translateY_effect&quot;:{&quot;unit&quot;:&quot;px&quot;,&quot;size&quot;:&quot;&quot;,&quot;sizes&quot;:[]},&quot;_transform_translateY_effect_tablet&quot;:{&quot;unit&quot;:&quot;px&quot;,&quot;size&quot;:&quot;&quot;,&quot;sizes&quot;:[]},&quot;_transform_translateY_effect_mobile&quot;:{&quot;unit&quot;:&quot;px&quot;,&quot;size&quot;:&quot;&quot;,&quot;sizes&quot;:[]},&quot;_transform_scale_effect_tablet&quot;:{&quot;unit&quot;:&quot;px&quot;,&quot;size&quot;:&quot;&quot;,&quot;sizes&quot;:[]},&quot;_transform_scale_effect_mobile&quot;:{&quot;unit&quot;:&quot;px&quot;,&quot;size&quot;:&quot;&quot;,&quot;sizes&quot;:[]}}\" data-widget_type=\"image.default\">\n\t\t\t\t<div class=\"elementor-widget-container\">\n\t\t\t\t\t\t\t\t\t\t\t\t\t\t\t<img fetchpriority=\"high\" decoding=\"async\" width=\"800\" height=\"600\" src=\"https:\/\/enricopestalozziart.ch\/wp-content\/uploads\/2025\/05\/ee22e0f4037e4b089398b84ba9c094a5.jpg\" class=\"attachment-large size-large wp-image-31362\" alt=\"\" srcset=\"https:\/\/enricopestalozziart.ch\/wp-content\/uploads\/2025\/05\/ee22e0f4037e4b089398b84ba9c094a5.jpg 800w, https:\/\/enricopestalozziart.ch\/wp-content\/uploads\/2025\/05\/ee22e0f4037e4b089398b84ba9c094a5-300x225.jpg 300w, https:\/\/enricopestalozziart.ch\/wp-content\/uploads\/2025\/05\/ee22e0f4037e4b089398b84ba9c094a5-768x576.jpg 768w, https:\/\/enricopestalozziart.ch\/wp-content\/uploads\/2025\/05\/ee22e0f4037e4b089398b84ba9c094a5-16x12.jpg 16w, https:\/\/enricopestalozziart.ch\/wp-content\/uploads\/2025\/05\/ee22e0f4037e4b089398b84ba9c094a5-600x450.jpg 600w\" sizes=\"(max-width: 800px) 100vw, 800px\" \/>\t\t\t\t\t\t\t\t\t\t\t\t\t\t\t<\/div>\n\t\t\t\t<\/div>\n\t\t\t\t<\/div>\n\t\t<div class=\"elementor-element elementor-element-2da3d89 e-con-full e-flex e-con e-child\" data-id=\"2da3d89\" data-element_type=\"container\" data-e-type=\"container\">\n\t\t\t\t<div class=\"elementor-element elementor-element-1b9e81d elementor-widget elementor-widget-text-editor\" data-id=\"1b9e81d\" data-element_type=\"widget\" data-e-type=\"widget\" data-widget_type=\"text-editor.default\">\n\t\t\t\t<div class=\"elementor-widget-container\">\n\t\t\t\t\t\t\t\t\t<p>Les \u00ab\u00a0Open Editions\u00a0\u00bb sont des tirage qualit\u00e9 mus\u00e9e (m\u00eame qualit\u00e9 que les autres \u00e9ditions), mais sans limitation de tirages, sans num\u00e9rotation et sans signature \u00ab\u00a0EP FINE ART PRINTS\u00a0\u00bb.<\/p><p>Il s&rsquo;agit de notre \u00e9dition la plus abordable sans perte de qualit\u00e9. Vous pouvez choisir entre trois formats standard et avec ou sans encadrement, baguette bois noir haute qualit\u00e9. Envoi direct depuis l&rsquo;atelier d&rsquo;impression.<\/p>\t\t\t\t\t\t\t\t<\/div>\n\t\t\t\t<\/div>\n\t\t\t\t<\/div>\n\t\t\t\t\t<\/div>\n\t\t\t\t<\/div>\n\t\t<div class=\"elementor-element elementor-element-d349934 e-flex e-con-boxed e-con e-parent\" data-id=\"d349934\" data-element_type=\"container\" data-e-type=\"container\">\n\t\t\t\t\t<div class=\"e-con-inner\">\n\t\t<div class=\"elementor-element elementor-element-e68d160 e-con-full e-flex e-con e-child\" data-id=\"e68d160\" data-element_type=\"container\" data-e-type=\"container\">\n\t\t\t\t<div class=\"elementor-element elementor-element-e1b659a elementor-widget elementor-widget-text-editor\" data-id=\"e1b659a\" data-element_type=\"widget\" data-e-type=\"widget\" data-widget_type=\"text-editor.default\">\n\t\t\t\t<div class=\"elementor-widget-container\">\n\t\t\t\t\t\t\t\t\t<p>\u00c9ditions limit\u00e9es \u00e0 100<br \/>exemplaires avec signature \u00ab\u00a0EP Fine art prints\u00a0\u00bb et num\u00e9rotation de 1 \u00e0 100<\/p>\t\t\t\t\t\t\t\t<\/div>\n\t\t\t\t<\/div>\n\t\t\t\t<div class=\"elementor-element elementor-element-603edcc elementor-widget elementor-widget-text-editor\" data-id=\"603edcc\" data-element_type=\"widget\" data-e-type=\"widget\" data-widget_type=\"text-editor.default\">\n\t\t\t\t<div class=\"elementor-widget-container\">\n\t\t\t\t\t\t\t\t\t<p>Papier Fine Art<br \/>Hanem\u00fchle 300 g\/m2<br \/>Impression gicl\u00e9e<\/p>\t\t\t\t\t\t\t\t<\/div>\n\t\t\t\t<\/div>\n\t\t\t\t<\/div>\n\t\t<div class=\"elementor-element elementor-element-bd3e667 e-con-full e-flex e-con e-child\" data-id=\"bd3e667\" data-element_type=\"container\" data-e-type=\"container\">\n\t\t\t\t<div class=\"elementor-element elementor-element-3c8d2dc elementor-widget elementor-widget-heading\" data-id=\"3c8d2dc\" data-element_type=\"widget\" data-e-type=\"widget\" data-widget_type=\"heading.default\">\n\t\t\t\t<div class=\"elementor-widget-container\">\n\t\t\t\t\t<h2 class=\"elementor-heading-title elementor-size-default\">Edition 100<\/h2>\t\t\t\t<\/div>\n\t\t\t\t<\/div>\n\t\t\t\t<div class=\"elementor-element elementor-element-7db8eff elementor-widget elementor-widget-image\" data-id=\"7db8eff\" data-element_type=\"widget\" data-e-type=\"widget\" data-widget_type=\"image.default\">\n\t\t\t\t<div class=\"elementor-widget-container\">\n\t\t\t\t\t\t\t\t\t\t\t\t\t\t\t<img decoding=\"async\" width=\"800\" height=\"600\" src=\"https:\/\/enricopestalozziart.ch\/wp-content\/uploads\/2025\/05\/5500d2c67a0f45ad9b410cafd789d63e.jpg\" class=\"attachment-large size-large wp-image-31292\" alt=\"\" srcset=\"https:\/\/enricopestalozziart.ch\/wp-content\/uploads\/2025\/05\/5500d2c67a0f45ad9b410cafd789d63e.jpg 800w, https:\/\/enricopestalozziart.ch\/wp-content\/uploads\/2025\/05\/5500d2c67a0f45ad9b410cafd789d63e-300x225.jpg 300w, https:\/\/enricopestalozziart.ch\/wp-content\/uploads\/2025\/05\/5500d2c67a0f45ad9b410cafd789d63e-768x576.jpg 768w, https:\/\/enricopestalozziart.ch\/wp-content\/uploads\/2025\/05\/5500d2c67a0f45ad9b410cafd789d63e-16x12.jpg 16w, https:\/\/enricopestalozziart.ch\/wp-content\/uploads\/2025\/05\/5500d2c67a0f45ad9b410cafd789d63e-600x450.jpg 600w\" sizes=\"(max-width: 800px) 100vw, 800px\" \/>\t\t\t\t\t\t\t\t\t\t\t\t\t\t\t<\/div>\n\t\t\t\t<\/div>\n\t\t\t\t<\/div>\n\t\t<div class=\"elementor-element elementor-element-94590da e-con-full e-flex e-con e-child\" data-id=\"94590da\" data-element_type=\"container\" data-e-type=\"container\">\n\t\t\t\t<div class=\"elementor-element elementor-element-52e1dd7 elementor-widget elementor-widget-text-editor\" data-id=\"52e1dd7\" data-element_type=\"widget\" data-e-type=\"widget\" data-widget_type=\"text-editor.default\">\n\t\t\t\t<div class=\"elementor-widget-container\">\n\t\t\t\t\t\t\t\t\t<p>C&rsquo;est mon \u00e9dition Premium: impression qualit\u00e9 mus\u00e9e, \u00e9dition limit\u00e9e \u00e0 100 exemplaires, signature\u00a0 \u00ab\u00a0EP ART Fine art prints\u00a0\u00bb et une num\u00e9rotation de 1-100. Vous pouvez choisir entre 3 formats\u00a0 et opter pour un encadrement en bois noir.<\/p><p>Le tampon EP-ART Fine art prints certifie l&rsquo;authenticit\u00e9 de la provenance et le num\u00e9ro de votre tirage. Envoi direct depuis l&rsquo;atelier d&rsquo;impression.<\/p>\t\t\t\t\t\t\t\t<\/div>\n\t\t\t\t<\/div>\n\t\t\t\t<div class=\"elementor-element elementor-element-63ddd75 elementor-widget elementor-widget-image\" data-id=\"63ddd75\" data-element_type=\"widget\" data-e-type=\"widget\" data-widget_type=\"image.default\">\n\t\t\t\t<div class=\"elementor-widget-container\">\n\t\t\t\t\t\t\t\t\t\t\t\t\t\t\t<img decoding=\"async\" src=\"https:\/\/enricopestalozziart.ch\/wp-content\/uploads\/2025\/06\/Logo-EP-ART.png\" title=\"logo-ep-fine-art-print\" alt=\"logo-ep-fine-art-print\" loading=\"lazy\" \/>\t\t\t\t\t\t\t\t\t\t\t\t\t\t\t<\/div>\n\t\t\t\t<\/div>\n\t\t\t\t<\/div>\n\t\t\t\t\t<\/div>\n\t\t\t\t<\/div>\n\t\t<div class=\"elementor-element elementor-element-e99dcfd e-flex e-con-boxed e-con e-parent\" data-id=\"e99dcfd\" data-element_type=\"container\" data-e-type=\"container\" data-settings=\"{&quot;background_background&quot;:&quot;classic&quot;}\">\n\t\t\t\t\t<div class=\"e-con-inner\">\n\t\t<div class=\"elementor-element elementor-element-04dfe1e e-con-full e-flex e-con e-child\" data-id=\"04dfe1e\" data-element_type=\"container\" data-e-type=\"container\">\n\t\t\t\t<div class=\"elementor-element elementor-element-7a70d12 elementor-widget elementor-widget-text-editor\" data-id=\"7a70d12\" data-element_type=\"widget\" data-e-type=\"widget\" data-widget_type=\"text-editor.default\">\n\t\t\t\t<div class=\"elementor-widget-container\">\n\t\t\t\t\t\t\t\t\t<p>\u00c9ditions limit\u00e9es \u00e0 30<br \/>exemplaires, sign\u00e9es \u00e0 la<br \/>main par mes soins<\/p>\t\t\t\t\t\t\t\t<\/div>\n\t\t\t\t<\/div>\n\t\t\t\t<div class=\"elementor-element elementor-element-db91035 elementor-widget elementor-widget-text-editor\" data-id=\"db91035\" data-element_type=\"widget\" data-e-type=\"widget\" data-widget_type=\"text-editor.default\">\n\t\t\t\t<div class=\"elementor-widget-container\">\n\t\t\t\t\t\t\t\t\t<p>Papier Fine Art<br \/>Hanem\u00fchle 300 g\/m2<br \/>Impression gicl\u00e9e<\/p>\t\t\t\t\t\t\t\t<\/div>\n\t\t\t\t<\/div>\n\t\t\t\t<\/div>\n\t\t<div class=\"elementor-element elementor-element-908945d e-con-full e-flex e-con e-child\" data-id=\"908945d\" data-element_type=\"container\" data-e-type=\"container\">\n\t\t\t\t<div class=\"elementor-element elementor-element-971e5d1 elementor-widget elementor-widget-heading\" data-id=\"971e5d1\" data-element_type=\"widget\" data-e-type=\"widget\" data-widget_type=\"heading.default\">\n\t\t\t\t<div class=\"elementor-widget-container\">\n\t\t\t\t\t<h2 class=\"elementor-heading-title elementor-size-default\">Edition 30<\/h2>\t\t\t\t<\/div>\n\t\t\t\t<\/div>\n\t\t\t\t<div class=\"elementor-element elementor-element-5589958 elementor-widget elementor-widget-video\" data-id=\"5589958\" data-element_type=\"widget\" data-e-type=\"widget\" data-settings=\"{&quot;youtube_url&quot;:&quot;https:\\\/\\\/youtu.be\\\/o5wnldZ0VSE&quot;,&quot;video_type&quot;:&quot;youtube&quot;,&quot;controls&quot;:&quot;yes&quot;}\" data-widget_type=\"video.default\">\n\t\t\t\t<div class=\"elementor-widget-container\">\n\t\t\t\t\t\t\t<div class=\"elementor-wrapper elementor-open-inline\">\n\t\t\t<div class=\"elementor-video\"><\/div>\t\t<\/div>\n\t\t\t\t\t\t<\/div>\n\t\t\t\t<\/div>\n\t\t\t\t<\/div>\n\t\t<div class=\"elementor-element elementor-element-5c1ab20 e-con-full e-flex e-con e-child\" data-id=\"5c1ab20\" data-element_type=\"container\" data-e-type=\"container\">\n\t\t\t\t<div class=\"elementor-element elementor-element-a0b6b66 elementor-widget elementor-widget-text-editor\" data-id=\"a0b6b66\" data-element_type=\"widget\" data-e-type=\"widget\" data-widget_type=\"text-editor.default\">\n\t\t\t\t<div class=\"elementor-widget-container\">\n\t\t\t\t\t\t\t\t\t<p>C&rsquo;est mon \u00e9dition Select pour les amateurs de tirages plus exclusifs. Disponibles sur commande personnalis\u00e9e en remplissant le formulaire de demande d&rsquo;offre sur la fiche de l&rsquo;\u0153uvre.<\/p><p>Plusieurs formats sur mesure, des passe-partouts et des baguettes diff\u00e9rentes pour le cadre.<\/p><p>Chaque tirage est d&rsquo;abord envoy\u00e9 chez moi pour signature et num\u00e9rotation.<\/p>\t\t\t\t\t\t\t\t<\/div>\n\t\t\t\t<\/div>\n\t\t\t\t<div class=\"elementor-element elementor-element-8b8e533 elementor-widget elementor-widget-image\" data-id=\"8b8e533\" data-element_type=\"widget\" data-e-type=\"widget\" data-widget_type=\"image.default\">\n\t\t\t\t<div class=\"elementor-widget-container\">\n\t\t\t\t\t\t\t\t\t\t\t\t\t\t\t<img decoding=\"async\" width=\"778\" height=\"150\" src=\"https:\/\/enricopestalozziart.ch\/wp-content\/uploads\/2025\/06\/Enrico-Pestalozzi.png\" class=\"attachment-large size-large wp-image-31948\" alt=\"enrico-pestalozzi\" srcset=\"https:\/\/enricopestalozziart.ch\/wp-content\/uploads\/2025\/06\/Enrico-Pestalozzi.png 778w, https:\/\/enricopestalozziart.ch\/wp-content\/uploads\/2025\/06\/Enrico-Pestalozzi-300x58.png 300w, https:\/\/enricopestalozziart.ch\/wp-content\/uploads\/2025\/06\/Enrico-Pestalozzi-768x148.png 768w, https:\/\/enricopestalozziart.ch\/wp-content\/uploads\/2025\/06\/Enrico-Pestalozzi-18x3.png 18w, https:\/\/enricopestalozziart.ch\/wp-content\/uploads\/2025\/06\/Enrico-Pestalozzi-600x116.png 600w\" sizes=\"(max-width: 778px) 100vw, 778px\" \/>\t\t\t\t\t\t\t\t\t\t\t\t\t\t\t<\/div>\n\t\t\t\t<\/div>\n\t\t\t\t<\/div>\n\t\t\t\t\t<\/div>\n\t\t\t\t<\/div>\n\t\t<div class=\"elementor-element elementor-element-374bf1b e-flex e-con-boxed e-con e-parent\" data-id=\"374bf1b\" data-element_type=\"container\" data-e-type=\"container\">\n\t\t\t\t\t<div class=\"e-con-inner\">\n\t\t\t\t<div class=\"elementor-element elementor-element-7576788 elementor-widget elementor-widget-heading\" data-id=\"7576788\" data-element_type=\"widget\" data-e-type=\"widget\" data-widget_type=\"heading.default\">\n\t\t\t\t<div class=\"elementor-widget-container\">\n\t\t\t\t\t<h2 class=\"elementor-heading-title elementor-size-default\">Formats, encadrements et exp\u00e9ditions sur mesure<\/h2>\t\t\t\t<\/div>\n\t\t\t\t<\/div>\n\t\t\t\t<div class=\"elementor-element elementor-element-cb2941f elementor-widget elementor-widget-text-editor\" data-id=\"cb2941f\" data-element_type=\"widget\" data-e-type=\"widget\" data-widget_type=\"text-editor.default\">\n\t\t\t\t<div class=\"elementor-widget-container\">\n\t\t\t\t\t\t\t\t\t<p>Si vous souhaitez un format sp\u00e9cifique ou un encadrement qui n&rsquo;est pas propos\u00e9 dans ma boutique, (pour tous les types d&rsquo;\u00e9dition), c&rsquo;est tout \u00e0 fait envisageable, dans la mesure des possibilit\u00e9s offertes par mes fournisseurs.<\/p><p>N&rsquo;h\u00e9sitez pas \u00e0 me contacter via le formulaire de demande de devis de l&rsquo;\u0153uvre concern\u00e9e ou en m&rsquo;\u00e9crivant avec le formulaire de contact. Je vous r\u00e9pondrai dans les plus brefs d\u00e9lais et serai ravi de pr\u00e9parer une offre personnalis\u00e9e r\u00e9pondant parfaitement \u00e0 vos attentes.<\/p>\t\t\t\t\t\t\t\t<\/div>\n\t\t\t\t<\/div>\n\t\t\t\t<div class=\"elementor-element elementor-element-997c0b9 elementor-align-center elementor-widget elementor-widget-button\" data-id=\"997c0b9\" data-element_type=\"widget\" data-e-type=\"widget\" data-widget_type=\"button.default\">\n\t\t\t\t<div class=\"elementor-widget-container\">\n\t\t\t\t\t\t\t\t\t<div class=\"elementor-button-wrapper\">\n\t\t\t\t\t<a class=\"elementor-button elementor-button-link elementor-size-sm\" href=\"https:\/\/enricopestalozziart.ch\/pt\/contact\/\">\n\t\t\t\t\t\t<span class=\"elementor-button-content-wrapper\">\n\t\t\t\t\t\t\t\t\t<span class=\"elementor-button-text\">Vers le formulaire de contact<\/span>\n\t\t\t\t\t<\/span>\n\t\t\t\t\t<\/a>\n\t\t\t\t<\/div>\n\t\t\t\t\t\t\t\t<\/div>\n\t\t\t\t<\/div>\n\t\t\t\t\t<\/div>\n\t\t\t\t<\/div>\n\t\t<div class=\"elementor-element elementor-element-2de23f4 e-flex e-con-boxed e-con e-parent\" data-id=\"2de23f4\" data-element_type=\"container\" data-e-type=\"container\" data-settings=\"{&quot;background_background&quot;:&quot;classic&quot;}\">\n\t\t\t\t\t<div class=\"e-con-inner\">\n\t\t\t\t<div class=\"elementor-element elementor-element-9424737 elementor-widget elementor-widget-heading\" data-id=\"9424737\" data-element_type=\"widget\" data-e-type=\"widget\" data-widget_type=\"heading.default\">\n\t\t\t\t<div class=\"elementor-widget-container\">\n\t\t\t\t\t<h2 class=\"elementor-heading-title elementor-size-default\">Un emballage de qualit\u00e9 pour une protection maximale<\/h2>\t\t\t\t<\/div>\n\t\t\t\t<\/div>\n\t\t\t\t\t<\/div>\n\t\t\t\t<\/div>\n\t\t<div class=\"elementor-element elementor-element-df0c04b e-flex e-con-boxed e-con e-parent\" data-id=\"df0c04b\" data-element_type=\"container\" data-e-type=\"container\" data-settings=\"{&quot;background_background&quot;:&quot;classic&quot;}\">\n\t\t\t\t\t<div class=\"e-con-inner\">\n\t\t<div class=\"elementor-element elementor-element-18a4302 e-con-full e-flex e-con e-child\" data-id=\"18a4302\" data-element_type=\"container\" data-e-type=\"container\">\n\t\t\t\t<div class=\"elementor-element elementor-element-77ed876 elementor-widget elementor-widget-text-editor\" data-id=\"77ed876\" data-element_type=\"widget\" data-e-type=\"widget\" data-widget_type=\"text-editor.default\">\n\t\t\t\t<div class=\"elementor-widget-container\">\n\t\t\t\t\t\t\t\t\t<p>La qualit\u00e9 de l&#8217;emballage est exemplaire et garantit une r\u00e9ception sans dommages.<\/p>\t\t\t\t\t\t\t\t<\/div>\n\t\t\t\t<\/div>\n\t\t\t\t<div class=\"elementor-element elementor-element-2485e29 elementor-widget elementor-widget-text-editor\" data-id=\"2485e29\" data-element_type=\"widget\" data-e-type=\"widget\" data-widget_type=\"text-editor.default\">\n\t\t\t\t<div class=\"elementor-widget-container\">\n\t\t\t\t\t\t\t\t\t<p>Papier Fine Art<br \/>Hanem\u00fchle 300 g\/m2<br \/>Impression gicl\u00e9e<\/p>\t\t\t\t\t\t\t\t<\/div>\n\t\t\t\t<\/div>\n\t\t\t\t<\/div>\n\t\t<div class=\"elementor-element elementor-element-381810d e-con-full e-flex e-con e-child\" data-id=\"381810d\" data-element_type=\"container\" data-e-type=\"container\">\n\t\t\t\t<div class=\"elementor-element elementor-element-2910be9 elementor-widget elementor-widget-video\" data-id=\"2910be9\" data-element_type=\"widget\" data-e-type=\"widget\" data-settings=\"{&quot;youtube_url&quot;:&quot;https:\\\/\\\/youtu.be\\\/U5ZG12mESXg&quot;,&quot;video_type&quot;:&quot;youtube&quot;,&quot;controls&quot;:&quot;yes&quot;}\" data-widget_type=\"video.default\">\n\t\t\t\t<div class=\"elementor-widget-container\">\n\t\t\t\t\t\t\t<div class=\"elementor-wrapper elementor-open-inline\">\n\t\t\t<div class=\"elementor-video\"><\/div>\t\t<\/div>\n\t\t\t\t\t\t<\/div>\n\t\t\t\t<\/div>\n\t\t\t\t<\/div>\n\t\t<div class=\"elementor-element elementor-element-369c6a8 e-con-full e-flex e-con e-child\" data-id=\"369c6a8\" data-element_type=\"container\" data-e-type=\"container\">\n\t\t\t\t<div class=\"elementor-element elementor-element-e35751f elementor-widget elementor-widget-text-editor\" data-id=\"e35751f\" data-element_type=\"widget\" data-e-type=\"widget\" data-widget_type=\"text-editor.default\">\n\t\t\t\t<div class=\"elementor-widget-container\">\n\t\t\t\t\t\t\t\t\t<p>Les impressions sont r\u00e9alis\u00e9es dans un atelier sp\u00e9cialis\u00e9 de renomm\u00e9e internationale bas\u00e9 \u00e0 Londres, avec des ateliers d&rsquo;impression \u00e0 D\u00fcsseldorf et \u00e0 New York.<\/p><p>Les tirages \u00ab\u00a0Open Edition\u00a0\u00bb et \u00ab\u00a0\u00c9dition 100\u00a0\u00bb sont envoy\u00e9s directement chez vous depuis l&rsquo;endroit le plus proche. Les tirages \u00ab\u00a0\u00c9dition 30\u00a0\u00bb sont d&rsquo;abord envoy\u00e9s chez moi car je les signe \u00e0 la main, ensuite je vous les fais parvenir \u00e0 votre adresse de livraison.<\/p>\t\t\t\t\t\t\t\t<\/div>\n\t\t\t\t<\/div>\n\t\t\t\t<\/div>\n\t\t\t\t\t<\/div>\n\t\t\t\t<\/div>\n\t\t<div class=\"elementor-element elementor-element-ada7fda e-flex e-con-boxed e-con e-parent\" data-id=\"ada7fda\" data-element_type=\"container\" data-e-type=\"container\" data-settings=\"{&quot;background_background&quot;:&quot;classic&quot;}\">\n\t\t\t\t\t<div class=\"e-con-inner\">\n\t\t\t\t<div class=\"elementor-element elementor-element-a90abc5 elementor-widget elementor-widget-button\" data-id=\"a90abc5\" data-element_type=\"widget\" data-e-type=\"widget\" data-widget_type=\"button.default\">\n\t\t\t\t<div class=\"elementor-widget-container\">\n\t\t\t\t\t\t\t\t\t<div class=\"elementor-button-wrapper\">\n\t\t\t\t\t<a class=\"elementor-button elementor-button-link elementor-size-sm\" href=\"https:\/\/enricopestalozziart.ch\/pt\/oeuvres\/\">\n\t\t\t\t\t\t<span class=\"elementor-button-content-wrapper\">\n\t\t\t\t\t\t\t\t\t<span class=\"elementor-button-text\">D\u00e9couvrez mes \u0153uvres<\/span>\n\t\t\t\t\t<\/span>\n\t\t\t\t\t<\/a>\n\t\t\t\t<\/div>\n\t\t\t\t\t\t\t\t<\/div>\n\t\t\t\t<\/div>\n\t\t\t\t\t<\/div>\n\t\t\t\t<\/div>\n\t\t\t\t<\/div>","protected":false},"excerpt":{"rendered":"<p>Mes trois \u00e9ditions \u00ab\u00a0Fine art prints\u00a0\u00bb \u00c9ditions de qualit\u00e9 mus\u00e9e, sans limitation de tirages, sans num\u00e9rotation et sans signature\u00a0 Papier Fine ArtHanem\u00fchle 300 g\/m2Impression gicl\u00e9e Open Edition Les \u00ab\u00a0Open Editions\u00a0\u00bb sont des tirage qualit\u00e9 mus\u00e9e (m\u00eame qualit\u00e9 que les autres \u00e9ditions), mais sans limitation de tirages, sans num\u00e9rotation et sans signature \u00ab\u00a0EP FINE ART PRINTS\u00a0\u00bb. [&hellip;]<\/p>\n","protected":false},"author":2,"featured_media":0,"parent":0,"menu_order":0,"comment_status":"closed","ping_status":"closed","template":"elementor_header_footer","meta":{"iawp_total_views":36,"footnotes":""},"class_list":["post-29205","page","type-page","status-publish","hentry"],"_links":{"self":[{"href":"https:\/\/enricopestalozziart.ch\/pt\/wp-json\/wp\/v2\/pages\/29205","targetHints":{"allow":["GET"]}}],"collection":[{"href":"https:\/\/enricopestalozziart.ch\/pt\/wp-json\/wp\/v2\/pages"}],"about":[{"href":"https:\/\/enricopestalozziart.ch\/pt\/wp-json\/wp\/v2\/types\/page"}],"author":[{"embeddable":true,"href":"https:\/\/enricopestalozziart.ch\/pt\/wp-json\/wp\/v2\/users\/2"}],"replies":[{"embeddable":true,"href":"https:\/\/enricopestalozziart.ch\/pt\/wp-json\/wp\/v2\/comments?post=29205"}],"version-history":[{"count":5,"href":"https:\/\/enricopestalozziart.ch\/pt\/wp-json\/wp\/v2\/pages\/29205\/revisions"}],"predecessor-version":[{"id":32033,"href":"https:\/\/enricopestalozziart.ch\/pt\/wp-json\/wp\/v2\/pages\/29205\/revisions\/32033"}],"wp:attachment":[{"href":"https:\/\/enricopestalozziart.ch\/pt\/wp-json\/wp\/v2\/media?parent=29205"}],"curies":[{"name":"wp","href":"https:\/\/api.w.org\/{rel}","templated":true}]}}