{"id":31255,"date":"2025-05-28T14:57:52","date_gmt":"2025-05-28T12:57:52","guid":{"rendered":"https:\/\/enricopestalozziart.ch\/?post_type=product&#038;p=31255"},"modified":"2025-06-10T10:03:57","modified_gmt":"2025-06-10T08:03:57","slug":"punta-delle-grotte","status":"publish","type":"product","link":"https:\/\/enricopestalozziart.ch\/it\/prodotto\/punta-delle-grotte\/","title":{"rendered":"Punta delle Grotte"},"content":{"rendered":"<p><strong>ENRICO PESTALOZZI, <em>Punta delle Grotte<\/em>, 2022, acrylique sur toile 100 x 140 cm<\/strong><\/p>\n<p>T\u00f4t le matin, quand tu roules sur la route sinueuse depuis Acquabona vers Portoferraio, tu arrives au contour de la villa romaine appel\u00e9e \u00ab Le Grotte \u00bb. Arr\u00eate-toi sur le parking, reviens quelques pas et descends dans la pin\u00e8de sur le chemin en terre battue qui termine au niveau de la mer, au petit h\u00f4tel \u00ab Grotte del Paradiso \u00bb.<\/p>\n<p>Tu verras les rayons du soleil percer l\u2019ombre \u00e0 travers les pins parasols et cr\u00e9er un jeu de taches lumineuses rouges au sol et de troncs noirs en contre-jour, avec des accents verts joyeux criant leur joie pour ta visite.<\/p>\n<p>Au niveau technique, j\u2019ai r\u00e9ussi \u00e0 int\u00e9grer la ligne rouge comme je l\u2019aime. Je sens le halo rouge dans mes yeux quand un rayon du soleil la rencontre.<\/p>\n<p><strong>Option \u00e9dition 30 exemplaires sign\u00e9s \u00e0 la main \u2013 de CHF 310 \u00e0 570<\/strong><br \/>\nCliquez sur l\u2019onglet\u00a0<em>Demande d\u2019offre<\/em>\u00a0ci-dessous<\/p>\n<p><strong>\u0152uvre originale: Acrylique sur toile \/ 100 x 140 cm \/ VENDUE<\/strong><br \/>\nHors taxes et frais de livraison. Des frais de douane peuvent s&rsquo;appliquer<\/p>","protected":false},"excerpt":{"rendered":"<p><strong>Tirage d&rsquo;art qualit\u00e9 mus\u00e9e.<\/strong> Choisissez votre tirage d&rsquo;art parmi les options propos\u00e9es de cette peinture acrylique repr\u00e9sentant la Punta delle Grotte au petit matin, capturant la lumi\u00e8re qui perce entre les pins maritimes, pr\u00e8s de Portoferraio, sur l\u2019\u00eele d\u2019Elbe. J\u2019y explore les contrastes entre ombres profondes et \u00e9clats rouges au sol, en int\u00e9grant ma ligne rouge.<\/p>\n<p><strong>Option \u00e9dition 30 exemplaires sign\u00e9s \u00e0 la main \u2013 de CHF 310 \u00e0 570<\/strong><br \/>\nCliquez sur l\u2019onglet\u00a0<em>Demande d\u2019offre<\/em>\u00a0ci-dessous<\/p>\n<p><strong>Option \u0153uvre originale: \/ Acrylique sur toile \/ 2022 \/ 90 x 116 cm : VENDU<\/strong><\/p>\n<p>&nbsp;<\/p>\n<p><strong>Choisissez votre tirage d&rsquo;art qualit\u00e9 mus\u00e9e\u00a0<\/strong><\/p>","protected":false},"featured_media":31254,"comment_status":"open","ping_status":"closed","template":"","meta":{"iawp_total_views":16},"product_brand":[],"product_cat":[33,46],"product_tag":[],"class_list":{"0":"post-31255","1":"product","2":"type-product","3":"status-publish","4":"has-post-thumbnail","6":"product_cat-tirages-art-acryliques","7":"product_cat-tous","8":"pa_edition-type-limited-edition-100","9":"pa_edition-type-open-edition","11":"first","12":"instock","13":"taxable","14":"shipping-taxable","15":"purchasable","16":"product-type-variable"},"_links":{"self":[{"href":"https:\/\/enricopestalozziart.ch\/it\/wp-json\/wp\/v2\/product\/31255","targetHints":{"allow":["GET"]}}],"collection":[{"href":"https:\/\/enricopestalozziart.ch\/it\/wp-json\/wp\/v2\/product"}],"about":[{"href":"https:\/\/enricopestalozziart.ch\/it\/wp-json\/wp\/v2\/types\/product"}],"replies":[{"embeddable":true,"href":"https:\/\/enricopestalozziart.ch\/it\/wp-json\/wp\/v2\/comments?post=31255"}],"wp:featuredmedia":[{"embeddable":true,"href":"https:\/\/enricopestalozziart.ch\/it\/wp-json\/wp\/v2\/media\/31254"}],"wp:attachment":[{"href":"https:\/\/enricopestalozziart.ch\/it\/wp-json\/wp\/v2\/media?parent=31255"}],"wp:term":[{"taxonomy":"product_brand","embeddable":true,"href":"https:\/\/enricopestalozziart.ch\/it\/wp-json\/wp\/v2\/product_brand?post=31255"},{"taxonomy":"product_cat","embeddable":true,"href":"https:\/\/enricopestalozziart.ch\/it\/wp-json\/wp\/v2\/product_cat?post=31255"},{"taxonomy":"product_tag","embeddable":true,"href":"https:\/\/enricopestalozziart.ch\/it\/wp-json\/wp\/v2\/product_tag?post=31255"}],"curies":[{"name":"wp","href":"https:\/\/api.w.org\/{rel}","templated":true}]}}