{"id":31105,"date":"2025-05-28T13:58:28","date_gmt":"2025-05-28T11:58:28","guid":{"rendered":"https:\/\/enricopestalozziart.ch\/?post_type=product&#038;p=31105"},"modified":"2025-09-11T09:59:30","modified_gmt":"2025-09-11T07:59:30","slug":"piazza-della-vittoria","status":"publish","type":"product","link":"https:\/\/enricopestalozziart.ch\/it\/prodotto\/piazza-della-vittoria\/","title":{"rendered":"Piazza della Vittoria"},"content":{"rendered":"<p><strong>ENRICO PESTALOZZI, <em>Piazza della Vittoria<\/em>, 2023, acrylique sur toile 100 x 140 cm<\/strong><\/p>\n<p>L\u2019air est encore frais, la lumi\u00e8re douce. Depuis la terrasse du ristorante Salegrosso sur la Piazza della Vittoria \u00e0 Marina Marciana, sur l&rsquo;\u00eele d&rsquo;Elbe, me parviennent les premiers sons du jour : les tintements de couverts, les \u00e9clats discrets des pr\u00e9paratifs pour le petit d\u00e9jeuner. L&rsquo;odeur de la mer emplit mes narines. Le temps semble suspendu.<\/p>\n<p>Les fa\u00e7ades ocre et jaunes des maisons, encore dans l\u2019ombre, s\u2019embrasent peu \u00e0 peu sous la lumi\u00e8re rasante. Sur la place, rien ne bouge encore. Je sors mon carnet de croquis et mon appareil photo. J\u2019ai \u00e0 peine le temps de noter les grandes lignes que la sc\u00e8ne d\u00e9j\u00e0 se transforme.<\/p>\n<p>Ce tableau est n\u00e9 de cette impression fugace : la beaut\u00e9 tranquille d\u2019un instant, juste avant que le monde ne se r\u00e9veille.<\/p>\n<p>Au niveau technique et approche artistique, j&rsquo;ai commenc\u00e9 \u00e0 exp\u00e9rimenter avec la \u00ab\u00a0ligne rouge\u00a0\u00bb comme d\u00e9crit sur mon site et avec les couleurs \u00e0-plat, sans beaucoup de nuances. C&rsquo;est ma recherche d'\u00a0\u00bbabstraitisation\u00a0\u00bb o\u00f9 je m&rsquo;\u00e9loigne de la reproduction fid\u00e8le du paysage pour lui donner plus d&rsquo;\u00e9motion, je simplifie les \u00e9l\u00e9ments et je r\u00e9duis les d\u00e9tails. Mon expression est plus graphique mais aussi plus directe, plus forte.<\/p>\n<p><strong>Option \u00e9dition 30 exemplaires sign\u00e9s \u00e0 la main \u2013 de CHF 310 \u00e0 570<\/strong><br \/>\nCliquez sur l\u2019onglet\u00a0<em>Demande d\u2019offre<\/em>\u00a0ci-dessous<\/p>\n<p><strong>\u0152uvre originale \/ Acrylique sur toile \/ 100 x 140 cm\u00a0:\u00a0DISPONIBLE \u2013 CHF 4\u2019500.-<\/strong><strong><br \/>\n<\/strong>Cliquez sur l\u2019onglet\u00a0<em>Demande d\u2019offre<\/em>\u00a0ci-dessous<\/p>","protected":false},"excerpt":{"rendered":"<p><strong>Tirage d&rsquo;art qualit\u00e9 mus\u00e9e.<\/strong> Choisissez votre tirage d&rsquo;art parmi les options propos\u00e9es de cette peinture acrylique repr\u00e9sentant<em> Piazza della Vittoria<\/em> juste avant le r\u00e9veil du monde, dans la magie suspendue d\u2019un matin \u00e0 Marina Marciana, sur l\u2019\u00eele d\u2019Elbe. J\u2019y poursuis ma recherche de formes \u00e9pur\u00e9es et de couleurs franches, guid\u00e9 par la ligne rouge qui traverse d\u00e9sormais mes toiles. Mon but? Transmettre l&rsquo;\u00e9motion de cet instant.<\/p>\n<p><strong>Option \u00e9dition 30 exemplaires sign\u00e9s \u00e0 la main \u2013 de CHF 310 \u00e0 570<\/strong><br \/>\nCliquez sur l\u2019onglet\u00a0<em>Demande d\u2019offre<\/em>\u00a0ci-dessous<\/p>\n<p><strong>Option \u0153uvre originale: 2023 \/ Acrylique sur toile \/ 90 x 116 cm : DISPONIBLE \u2013 CHF 4\u2019500.-<\/strong><br \/>\nCliquez sur l\u2019onglet\u00a0<em>Demande d\u2019offre<\/em>\u00a0ci-dessous<\/p>\n<p>&nbsp;<\/p>\n<p><strong>Choisissez votre tirage d&rsquo;art qualit\u00e9 mus\u00e9e\u00a0<\/strong><\/p>","protected":false},"featured_media":31104,"comment_status":"open","ping_status":"closed","template":"","meta":{"iawp_total_views":20},"product_brand":[],"product_cat":[43,33,46],"product_tag":[],"class_list":{"0":"post-31105","1":"product","2":"type-product","3":"status-publish","4":"has-post-thumbnail","6":"product_cat-oeuvres-originales","7":"product_cat-tirages-art-acryliques","8":"product_cat-tous","9":"pa_edition-type-limited-edition-100","10":"pa_edition-type-open-edition","12":"first","13":"instock","14":"taxable","15":"shipping-taxable","16":"purchasable","17":"product-type-variable"},"_links":{"self":[{"href":"https:\/\/enricopestalozziart.ch\/it\/wp-json\/wp\/v2\/product\/31105","targetHints":{"allow":["GET"]}}],"collection":[{"href":"https:\/\/enricopestalozziart.ch\/it\/wp-json\/wp\/v2\/product"}],"about":[{"href":"https:\/\/enricopestalozziart.ch\/it\/wp-json\/wp\/v2\/types\/product"}],"replies":[{"embeddable":true,"href":"https:\/\/enricopestalozziart.ch\/it\/wp-json\/wp\/v2\/comments?post=31105"}],"wp:featuredmedia":[{"embeddable":true,"href":"https:\/\/enricopestalozziart.ch\/it\/wp-json\/wp\/v2\/media\/31104"}],"wp:attachment":[{"href":"https:\/\/enricopestalozziart.ch\/it\/wp-json\/wp\/v2\/media?parent=31105"}],"wp:term":[{"taxonomy":"product_brand","embeddable":true,"href":"https:\/\/enricopestalozziart.ch\/it\/wp-json\/wp\/v2\/product_brand?post=31105"},{"taxonomy":"product_cat","embeddable":true,"href":"https:\/\/enricopestalozziart.ch\/it\/wp-json\/wp\/v2\/product_cat?post=31105"},{"taxonomy":"product_tag","embeddable":true,"href":"https:\/\/enricopestalozziart.ch\/it\/wp-json\/wp\/v2\/product_tag?post=31105"}],"curies":[{"name":"wp","href":"https:\/\/api.w.org\/{rel}","templated":true}]}}