{"id":31099,"date":"2025-05-28T13:58:24","date_gmt":"2025-05-28T11:58:24","guid":{"rendered":"https:\/\/enricopestalozziart.ch\/?post_type=product&#038;p=31099"},"modified":"2025-06-10T10:05:37","modified_gmt":"2025-06-10T08:05:37","slug":"aquabona","status":"publish","type":"product","link":"https:\/\/enricopestalozziart.ch\/it\/prodotto\/aquabona\/","title":{"rendered":"Aquabona"},"content":{"rendered":"<p><strong>ENRICO PESTALOZZI, <em>Acquabona<\/em>, 2021 \u2013 Acrylique sur toile<\/strong><\/p>\n<p>La plaine d\u2019Acquabona, sur l\u2019\u00eele d\u2019Elbe, est l\u2019un des rares endroits o\u00f9 la route s\u2019\u00e9tire en lignes plus droites \u00e0 travers les cultures : aubergines, courgettes, figuiers, cactus, figues de barbarie, pins parasols et petits vignobles. J\u2019y cherchais les derniers rayons du jour, quand la chaleur s\u2019adoucit, que l\u2019air devient respirable, avec les notes de thym sauvage et de romarin. Il m\u2019a fallu y revenir trois fois avant de r\u00e9ussir \u00e0 capter cette lumi\u00e8re furtive, juste avant que le soleil ne disparaisse derri\u00e8re l\u2019horizon. Les nuages montaient d\u00e9j\u00e0, lourds, mena\u00e7ants, mais baign\u00e9s d\u2019un rose de contre-jour qui les adoucissait encore pour quelques instants.<\/p>\n<p>C\u2019est \u00e0 ce moment que j\u2019ai commenc\u00e9 \u00e0 explorer une approche plus graphique. Les lignes apparaissent, pas encore toutes rouges \u2013 certaines restent bleut\u00e9es dans les zones d\u2019ombre. Je simplifie les formes, je r\u00e9duis les d\u00e9tails, je cherche \u00e0 m\u2019\u00e9loigner de la fid\u00e9lit\u00e9 au r\u00e9el pour laisser plus de place \u00e0 l\u2019\u00e9motion. Les aplats dominent, les traits de pinceau sont bruts, presque na\u00effs. C\u2019est une \u00e9tape dans ma recherche vers une forme d\u2019abstraction expressive.<\/p>\n<p><strong>Option \u00e9dition 30 exemplaires sign\u00e9s \u00e0 la main \u2013 de CHF 310 \u00e0 570<\/strong><br \/>\nCliquez sur l\u2019onglet\u00a0<em>Demande d\u2019offre<\/em>\u00a0ci-dessous<\/p>\n<p><strong>\u0152uvre originale \/ Acrylique sur toile \/ 90 x 116 cm\u00a0:\u00a0 <\/strong><strong>R\u00c9SERV\u00c9E \u2013 CHF 4\u2019300.-<\/strong><br \/>\nCliquez sur l\u2019onglet\u00a0<em>Demande d\u2019offre<\/em>\u00a0ci-dessous<\/p>","protected":false},"excerpt":{"rendered":"<p><strong>Tirage d&rsquo;art qualit\u00e9 mus\u00e9e.<\/strong> Choisissez votre tirage d&rsquo;art parmi les options propos\u00e9es de cette peinture acrylique repr\u00e9sentant les derniers rayons sur Acquabona, une petite pleine pr\u00e8s de Portoferraio, sur l\u2019\u00eele d\u2019Elbe. Je per\u00e7ois une lumi\u00e8re rose sous les nuages, les odeurs de thym et de romarin, et l\u2019envie de simplifier, de rendre l\u2019\u00e9motion plus directe. Une \u00e9tape vers l\u2019abstraction.<\/p>\n<p><strong>Option \u00e9dition 30 exemplaires sign\u00e9s \u00e0 la main \u2013 de CHF 310 \u00e0 570<\/strong><br \/>\nCliquez sur l\u2019onglet\u00a0<em>Demande d\u2019offre<\/em>\u00a0ci-dessous<\/p>\n<p><strong>Option \u0153uvre originale: 2021 \/ Acrylique sur toile \/ 90 x 116 cm : DISPONIBLE \u2013 CHF 4\u2019300.-<\/strong><br \/>\nCliquez sur l\u2019onglet\u00a0<em>Demande d\u2019offre<\/em>\u00a0ci-dessous<\/p>\n<p>&nbsp;<\/p>\n<p><strong>Choisissez votre tirage d&rsquo;art qualit\u00e9 mus\u00e9e\u00a0<\/strong><\/p>","protected":false},"featured_media":31098,"comment_status":"open","ping_status":"closed","template":"","meta":{"iawp_total_views":28},"product_brand":[],"product_cat":[43,33,46],"product_tag":[],"class_list":{"0":"post-31099","1":"product","2":"type-product","3":"status-publish","4":"has-post-thumbnail","6":"product_cat-oeuvres-originales","7":"product_cat-tirages-art-acryliques","8":"product_cat-tous","9":"pa_edition-type-limited-edition-100","10":"pa_edition-type-open-edition","12":"first","13":"instock","14":"taxable","15":"shipping-taxable","16":"purchasable","17":"product-type-variable"},"_links":{"self":[{"href":"https:\/\/enricopestalozziart.ch\/it\/wp-json\/wp\/v2\/product\/31099","targetHints":{"allow":["GET"]}}],"collection":[{"href":"https:\/\/enricopestalozziart.ch\/it\/wp-json\/wp\/v2\/product"}],"about":[{"href":"https:\/\/enricopestalozziart.ch\/it\/wp-json\/wp\/v2\/types\/product"}],"replies":[{"embeddable":true,"href":"https:\/\/enricopestalozziart.ch\/it\/wp-json\/wp\/v2\/comments?post=31099"}],"wp:featuredmedia":[{"embeddable":true,"href":"https:\/\/enricopestalozziart.ch\/it\/wp-json\/wp\/v2\/media\/31098"}],"wp:attachment":[{"href":"https:\/\/enricopestalozziart.ch\/it\/wp-json\/wp\/v2\/media?parent=31099"}],"wp:term":[{"taxonomy":"product_brand","embeddable":true,"href":"https:\/\/enricopestalozziart.ch\/it\/wp-json\/wp\/v2\/product_brand?post=31099"},{"taxonomy":"product_cat","embeddable":true,"href":"https:\/\/enricopestalozziart.ch\/it\/wp-json\/wp\/v2\/product_cat?post=31099"},{"taxonomy":"product_tag","embeddable":true,"href":"https:\/\/enricopestalozziart.ch\/it\/wp-json\/wp\/v2\/product_tag?post=31099"}],"curies":[{"name":"wp","href":"https:\/\/api.w.org\/{rel}","templated":true}]}}