{"id":28919,"date":"2024-12-04T13:27:58","date_gmt":"2024-12-04T12:27:58","guid":{"rendered":"https:\/\/enricopestalozziart.ch\/?page_id=28919"},"modified":"2025-06-13T11:10:44","modified_gmt":"2025-06-13T09:10:44","slug":"accueil","status":"publish","type":"page","link":"https:\/\/enricopestalozziart.ch\/it\/","title":{"rendered":"Accueil"},"content":{"rendered":"<div data-elementor-type=\"wp-page\" data-elementor-id=\"28919\" class=\"elementor elementor-28919\" data-elementor-post-type=\"page\">\n\t\t\t\t<div class=\"elementor-element elementor-element-c864fc2 e-con-full e-flex e-con e-parent\" data-id=\"c864fc2\" data-element_type=\"container\" data-e-type=\"container\" data-settings=\"{&quot;background_background&quot;:&quot;classic&quot;}\">\n\t\t<div class=\"elementor-element elementor-element-1768968 e-con-full e-flex elementor-invisible e-con e-child\" data-id=\"1768968\" data-element_type=\"container\" data-e-type=\"container\" data-settings=\"{&quot;background_background&quot;:&quot;classic&quot;,&quot;animation&quot;:&quot;fadeInDown&quot;}\">\n\t\t\t\t<div class=\"elementor-element elementor-element-aa1fa73 elementor-widget elementor-widget-heading\" data-id=\"aa1fa73\" data-element_type=\"widget\" data-e-type=\"widget\" data-widget_type=\"heading.default\">\n\t\t\t\t<div class=\"elementor-widget-container\">\n\t\t\t\t\t<h1 class=\"elementor-heading-title elementor-size-default\">Enrico Pestalozzi:<br>\nle peintre suisse des<br>\npaysages lumineux<\/h1>\t\t\t\t<\/div>\n\t\t\t\t<\/div>\n\t\t\t\t<\/div>\n\t\t\t\t<\/div>\n\t\t<div class=\"elementor-element elementor-element-3abc054 e-flex e-con-boxed e-con e-parent\" data-id=\"3abc054\" data-element_type=\"container\" data-e-type=\"container\">\n\t\t\t\t\t<div class=\"e-con-inner\">\n\t\t<div class=\"elementor-element elementor-element-7f6f00c e-con-full e-flex e-con e-child\" data-id=\"7f6f00c\" data-element_type=\"container\" data-e-type=\"container\">\n\t\t\t\t<div class=\"elementor-element elementor-element-4a5816d elementor-widget elementor-widget-image\" data-id=\"4a5816d\" data-element_type=\"widget\" data-e-type=\"widget\" data-widget_type=\"image.default\">\n\t\t\t\t<div class=\"elementor-widget-container\">\n\t\t\t\t\t\t\t\t\t\t\t\t\t\t\t<img fetchpriority=\"high\" decoding=\"async\" width=\"800\" height=\"800\" src=\"https:\/\/enricopestalozziart.ch\/wp-content\/uploads\/2024\/12\/Enrico-Pestalozzi-peintre-paysagiste.webp\" class=\"attachment-large size-large wp-image-29035\" alt=\"Enrico Pestalozzi peintre paysagiste\" srcset=\"https:\/\/enricopestalozziart.ch\/wp-content\/uploads\/2024\/12\/Enrico-Pestalozzi-peintre-paysagiste.webp 800w, https:\/\/enricopestalozziart.ch\/wp-content\/uploads\/2024\/12\/Enrico-Pestalozzi-peintre-paysagiste-300x300.webp 300w, https:\/\/enricopestalozziart.ch\/wp-content\/uploads\/2024\/12\/Enrico-Pestalozzi-peintre-paysagiste-150x150.webp 150w, https:\/\/enricopestalozziart.ch\/wp-content\/uploads\/2024\/12\/Enrico-Pestalozzi-peintre-paysagiste-768x768.webp 768w, https:\/\/enricopestalozziart.ch\/wp-content\/uploads\/2024\/12\/Enrico-Pestalozzi-peintre-paysagiste-12x12.webp 12w, https:\/\/enricopestalozziart.ch\/wp-content\/uploads\/2024\/12\/Enrico-Pestalozzi-peintre-paysagiste-600x600.webp 600w, https:\/\/enricopestalozziart.ch\/wp-content\/uploads\/2024\/12\/Enrico-Pestalozzi-peintre-paysagiste-100x100.webp 100w\" sizes=\"(max-width: 800px) 100vw, 800px\" \/>\t\t\t\t\t\t\t\t\t\t\t\t\t\t\t<\/div>\n\t\t\t\t<\/div>\n\t\t\t\t<\/div>\n\t\t<div class=\"elementor-element elementor-element-3b0ef2f e-con-full e-flex e-con e-child\" data-id=\"3b0ef2f\" data-element_type=\"container\" data-e-type=\"container\">\n\t\t\t\t<div class=\"elementor-element elementor-element-f97b18b elementor-widget elementor-widget-text-editor\" data-id=\"f97b18b\" data-element_type=\"widget\" data-e-type=\"widget\" data-widget_type=\"text-editor.default\">\n\t\t\t\t<div class=\"elementor-widget-container\">\n\t\t\t\t\t\t\t\t\t<p><strong>Je suis un peintre paysagiste suisse<\/strong>, inspir\u00e9 par les paysages qui ont berc\u00e9 mon enfance, entre la M\u00e9diterran\u00e9e et les Alpes.<\/p><p>Ce qui me fascine, c\u2019est l\u2019aspect surprenant <strong>des ombres et des lumi\u00e8res<\/strong> qui donnent vie \u00e0 ces lieux.<\/p><p><strong>Mon souhait ? Vous faire r\u00eaver<\/strong>, ou, si c&rsquo;\u00e9tait possible, faire revivre vos propres souvenirs dans ces r\u00e9gions magiques. Si c\u2019est le cas, alors ma d\u00e9marche aura pris tout son sens.<\/p>\t\t\t\t\t\t\t\t<\/div>\n\t\t\t\t<\/div>\n\t\t\t\t<\/div>\n\t\t\t\t\t<\/div>\n\t\t\t\t<\/div>\n\t\t<div class=\"elementor-element elementor-element-909dc5a e-con-full e-flex e-con e-parent\" data-id=\"909dc5a\" data-element_type=\"container\" data-e-type=\"container\" data-settings=\"{&quot;background_background&quot;:&quot;classic&quot;}\">\n\t\t\t\t<div class=\"elementor-element elementor-element-9c86ae4 elementor-widget__width-inherit elementor-widget elementor-widget-heading\" data-id=\"9c86ae4\" data-element_type=\"widget\" data-e-type=\"widget\" data-widget_type=\"heading.default\">\n\t\t\t\t<div class=\"elementor-widget-container\">\n\t\t\t\t\t<h2 class=\"elementor-heading-title elementor-size-default\">Tirages d\u2019art  certifi\u00e9s de qualit\u00e9 mus\u00e9e<\/h2>\t\t\t\t<\/div>\n\t\t\t\t<\/div>\n\t\t\t\t<\/div>\n\t\t<div class=\"elementor-element elementor-element-fc61219 e-con-full e-flex e-con e-parent\" data-id=\"fc61219\" data-element_type=\"container\" data-e-type=\"container\" data-settings=\"{&quot;background_background&quot;:&quot;classic&quot;}\">\n\t\t\t\t<\/div>\n\t\t<div class=\"elementor-element elementor-element-1767189 e-con-full e-flex e-con e-parent\" data-id=\"1767189\" data-element_type=\"container\" data-e-type=\"container\" data-settings=\"{&quot;background_background&quot;:&quot;classic&quot;}\">\n\t\t\t\t<div class=\"elementor-element elementor-element-1198625 elementor-widget__width-initial elementor-widget elementor-widget-text-editor\" data-id=\"1198625\" data-element_type=\"widget\" data-e-type=\"widget\" data-widget_type=\"text-editor.default\">\n\t\t\t\t<div class=\"elementor-widget-container\">\n\t\t\t\t\t\t\t\t\t<p><strong>La plupart de mes aquarelles et acryliques ont trouv\u00e9 acqu\u00e9reur<\/strong> au fil des ann\u00e9es, mais mon \u0153uvre se construit dans la dur\u00e9e, avec rigueur, sans compromis sur la qualit\u00e9.<\/p><p>C\u2019est dans cet esprit que <strong>j\u2019ai choisi de proposer une<\/strong> <strong>s\u00e9lection de tirages d\u2019art de qualit\u00e9 mus\u00e9e<\/strong>, r\u00e9alis\u00e9s \u00e0 partir de mes \u0153uvres originales.<\/p><p><strong>Ces reproductions<\/strong> haut de gamme, imprim\u00e9es sur papier Fine Art, <strong>me permettent de rendre accessible un travail autrement invisible<\/strong>, tout en garantissant \u00e0 chaque collectionneur une pi\u00e8ce fid\u00e8le, durable, sign\u00e9e et num\u00e9rot\u00e9e.<\/p>\t\t\t\t\t\t\t\t<\/div>\n\t\t\t\t<\/div>\n\t\t\t\t<div class=\"elementor-element elementor-element-dca01bc elementor-align-center elementor-widget elementor-widget-button\" data-id=\"dca01bc\" data-element_type=\"widget\" data-e-type=\"widget\" data-widget_type=\"button.default\">\n\t\t\t\t<div class=\"elementor-widget-container\">\n\t\t\t\t\t\t\t\t\t<div class=\"elementor-button-wrapper\">\n\t\t\t\t\t<a class=\"elementor-button elementor-button-link elementor-size-sm\" href=\"https:\/\/enricopestalozziart.ch\/it\/boutique\/\">\n\t\t\t\t\t\t<span class=\"elementor-button-content-wrapper\">\n\t\t\t\t\t\t\t\t\t<span class=\"elementor-button-text\">Vers mes tirages d'art<\/span>\n\t\t\t\t\t<\/span>\n\t\t\t\t\t<\/a>\n\t\t\t\t<\/div>\n\t\t\t\t\t\t\t\t<\/div>\n\t\t\t\t<\/div>\n\t\t\t\t<\/div>\n\t\t<div class=\"elementor-element elementor-element-c95e0c5 e-con-full e-flex e-con e-parent\" data-id=\"c95e0c5\" data-element_type=\"container\" data-e-type=\"container\">\n\t\t\t\t<div class=\"elementor-element elementor-element-216ef8b elementor-widget__width-inherit elementor-widget elementor-widget-heading\" data-id=\"216ef8b\" data-element_type=\"widget\" data-e-type=\"widget\" data-widget_type=\"heading.default\">\n\t\t\t\t<div class=\"elementor-widget-container\">\n\t\t\t\t\t<h2 class=\"elementor-heading-title elementor-size-default\">O\u00f9 trouver mes oeuvres originales ?<\/h2>\t\t\t\t<\/div>\n\t\t\t\t<\/div>\n\t\t\t\t<div class=\"elementor-element elementor-element-5bce5f6 elementor-widget__width-initial elementor-widget elementor-widget-text-editor\" data-id=\"5bce5f6\" data-element_type=\"widget\" data-e-type=\"widget\" data-widget_type=\"text-editor.default\">\n\t\t\t\t<div class=\"elementor-widget-container\">\n\t\t\t\t\t\t\t\t\t<p data-start=\"75\" data-end=\"304\">La liste compl\u00e8te de <strong>mes \u0153uvres originales disponibles<\/strong> se trouve sur le shop, dans la cat\u00e9gorie \u00ab\u00a0\u0153uvres originales\u00a0\u00bb.<\/p>\t\t\t\t\t\t\t\t<\/div>\n\t\t\t\t<\/div>\n\t\t\t\t<div class=\"elementor-element elementor-element-4361fc5 elementor-align-center elementor-widget elementor-widget-button\" data-id=\"4361fc5\" data-element_type=\"widget\" data-e-type=\"widget\" data-widget_type=\"button.default\">\n\t\t\t\t<div class=\"elementor-widget-container\">\n\t\t\t\t\t\t\t\t\t<div class=\"elementor-button-wrapper\">\n\t\t\t\t\t<a class=\"elementor-button elementor-button-link elementor-size-sm\" href=\"https:\/\/enricopestalozziart.ch\/it\/boutique\/?v=7cd649a62fbc&#038;wlfilter=1&#038;woolentor_product_cat=oeuvres-originales\">\n\t\t\t\t\t\t<span class=\"elementor-button-content-wrapper\">\n\t\t\t\t\t\t\t\t\t<span class=\"elementor-button-text\">Vers mes \u0153uvres originales<\/span>\n\t\t\t\t\t<\/span>\n\t\t\t\t\t<\/a>\n\t\t\t\t<\/div>\n\t\t\t\t\t\t\t\t<\/div>\n\t\t\t\t<\/div>\n\t\t\t\t<\/div>\n\t\t\t\t<\/div>","protected":false},"excerpt":{"rendered":"<p>Enrico Pestalozzi: le peintre suisse des paysages lumineux Je suis un peintre paysagiste suisse, inspir\u00e9 par les paysages qui ont berc\u00e9 mon enfance, entre la M\u00e9diterran\u00e9e et les Alpes. Ce qui me fascine, c\u2019est l\u2019aspect surprenant des ombres et des lumi\u00e8res qui donnent vie \u00e0 ces lieux. Mon souhait ? Vous faire r\u00eaver, ou, si [&hellip;]<\/p>\n","protected":false},"author":2,"featured_media":0,"parent":0,"menu_order":0,"comment_status":"closed","ping_status":"closed","template":"elementor_header_footer","meta":{"iawp_total_views":474,"footnotes":""},"class_list":["post-28919","page","type-page","status-publish","hentry"],"_links":{"self":[{"href":"https:\/\/enricopestalozziart.ch\/it\/wp-json\/wp\/v2\/pages\/28919","targetHints":{"allow":["GET"]}}],"collection":[{"href":"https:\/\/enricopestalozziart.ch\/it\/wp-json\/wp\/v2\/pages"}],"about":[{"href":"https:\/\/enricopestalozziart.ch\/it\/wp-json\/wp\/v2\/types\/page"}],"author":[{"embeddable":true,"href":"https:\/\/enricopestalozziart.ch\/it\/wp-json\/wp\/v2\/users\/2"}],"replies":[{"embeddable":true,"href":"https:\/\/enricopestalozziart.ch\/it\/wp-json\/wp\/v2\/comments?post=28919"}],"version-history":[{"count":5,"href":"https:\/\/enricopestalozziart.ch\/it\/wp-json\/wp\/v2\/pages\/28919\/revisions"}],"predecessor-version":[{"id":32053,"href":"https:\/\/enricopestalozziart.ch\/it\/wp-json\/wp\/v2\/pages\/28919\/revisions\/32053"}],"wp:attachment":[{"href":"https:\/\/enricopestalozziart.ch\/it\/wp-json\/wp\/v2\/media?parent=28919"}],"curies":[{"name":"wp","href":"https:\/\/api.w.org\/{rel}","templated":true}]}}