{"id":31349,"date":"2025-05-28T15:49:22","date_gmt":"2025-05-28T13:49:22","guid":{"rendered":"https:\/\/enricopestalozziart.ch\/?post_type=product&#038;p=31349"},"modified":"2025-06-10T10:02:59","modified_gmt":"2025-06-10T08:02:59","slug":"dent-de-morcles","status":"publish","type":"product","link":"https:\/\/enricopestalozziart.ch\/es\/producto\/dent-de-morcles\/","title":{"rendered":"Dent de Morcles"},"content":{"rendered":"<p><strong>ENRICO PESTALOZZI, <em>Dent de Morcles<\/em>, 2022, acrylique sur toile 140 x 100 cm<\/strong><\/p>\n<p>Cette acrylique est un exemple typique d\u2019une impression saisie \u00e0 l\u2019improviste \u2013 comme c\u2019est souvent le cas avec mes sujets. Je roule en voiture avec ma femme et notre plus fille, qui avait alors six ans. Nous revenons du parc Labyrinthe Aventure d\u2019Evionnaz lorsque, soudain, mon regard est captiv\u00e9 par la sc\u00e8ne : les pointes rocheuses de la Dent de Morcles, partiellement voil\u00e9es par des nuages en mouvement. Nous aussi, nous sommes en mouvement, sur l\u2019autoroute\u2026<br \/>\nHeureusement, une aire de repos se profile. Je m\u2019arr\u00eate, je sors, et j\u2019ai juste le temps de capter l\u2019un de ces instants fugaces qui m\u2019intriguent tant \u2013 et que je m\u2019efforce de fixer sur mes toiles.<\/p>\n<p><strong>Option \u00e9dition 30 exemplaires sign\u00e9s \u00e0 la main \u2013 de CHF 310 \u00e0 570<\/strong><br \/>\nCliquez sur l\u2019onglet\u00a0<em>Demande d\u2019offre<\/em>\u00a0ci-dessous<\/p>\n<p><strong>\u0152uvre originale \/ 2024 \/ Acrylique sur toile \/ 100 x 140 cm : VENDUE<\/strong><\/p>","protected":false},"excerpt":{"rendered":"<p><strong>Tirage d&rsquo;art qualit\u00e9 mus\u00e9e.<\/strong> Choisissez votre tirage d&rsquo;art parmi les options propos\u00e9es de cette peinture acrylique repr\u00e9sentant une sc\u00e8ne saisie \u00e0 l\u2019improviste sur l\u2019autoroute Martigny-Vevey: les pointes rocheuses de la Dent de Morcles, partiellement voil\u00e9es par les nuages, capt\u00e9es depuis une aire de repos pr\u00e8s d\u2019Evionnaz. Un instant fugace, devenu peinture.<\/p>\n<p><strong>Option \u00e9dition 30 exemplaires sign\u00e9s \u00e0 la main<\/strong> <strong>\u2013 de CHF 310 \u00e0 570<\/strong><br \/>\nCliquez sur l\u2019onglet\u00a0<em>Demande d\u2019offre<\/em>\u00a0ci-dessous<\/p>\n<p><strong>Option \u0153<\/strong><strong>uvre originale \/ Acrylique sur toile \/ 100 x 140 cm:\u00a0<\/strong><strong>VENDUE<\/strong><\/p>\n<p><strong>Commandez votre tirage en \u00e9dition limit\u00e9e:<\/strong><\/p>","protected":false},"featured_media":31348,"comment_status":"open","ping_status":"closed","template":"","meta":{"iawp_total_views":20},"product_brand":[],"product_cat":[33,46],"product_tag":[],"class_list":{"0":"post-31349","1":"product","2":"type-product","3":"status-publish","4":"has-post-thumbnail","6":"product_cat-tirages-art-acryliques","7":"product_cat-tous","8":"pa_edition-type-limited-edition-100","9":"pa_edition-type-open-edition","11":"first","12":"instock","13":"taxable","14":"shipping-taxable","15":"purchasable","16":"product-type-variable"},"_links":{"self":[{"href":"https:\/\/enricopestalozziart.ch\/es\/wp-json\/wp\/v2\/product\/31349","targetHints":{"allow":["GET"]}}],"collection":[{"href":"https:\/\/enricopestalozziart.ch\/es\/wp-json\/wp\/v2\/product"}],"about":[{"href":"https:\/\/enricopestalozziart.ch\/es\/wp-json\/wp\/v2\/types\/product"}],"replies":[{"embeddable":true,"href":"https:\/\/enricopestalozziart.ch\/es\/wp-json\/wp\/v2\/comments?post=31349"}],"wp:featuredmedia":[{"embeddable":true,"href":"https:\/\/enricopestalozziart.ch\/es\/wp-json\/wp\/v2\/media\/31348"}],"wp:attachment":[{"href":"https:\/\/enricopestalozziart.ch\/es\/wp-json\/wp\/v2\/media?parent=31349"}],"wp:term":[{"taxonomy":"product_brand","embeddable":true,"href":"https:\/\/enricopestalozziart.ch\/es\/wp-json\/wp\/v2\/product_brand?post=31349"},{"taxonomy":"product_cat","embeddable":true,"href":"https:\/\/enricopestalozziart.ch\/es\/wp-json\/wp\/v2\/product_cat?post=31349"},{"taxonomy":"product_tag","embeddable":true,"href":"https:\/\/enricopestalozziart.ch\/es\/wp-json\/wp\/v2\/product_tag?post=31349"}],"curies":[{"name":"wp","href":"https:\/\/api.w.org\/{rel}","templated":true}]}}