{"id":28928,"date":"2024-12-04T13:29:13","date_gmt":"2024-12-04T12:29:13","guid":{"rendered":"https:\/\/enricopestalozziart.ch\/?page_id=28928"},"modified":"2025-08-12T16:00:24","modified_gmt":"2025-08-12T14:00:24","slug":"contact","status":"publish","type":"page","link":"https:\/\/enricopestalozziart.ch\/es\/contact\/","title":{"rendered":"Contact"},"content":{"rendered":"\t\t<div data-elementor-type=\"wp-page\" data-elementor-id=\"28928\" class=\"elementor elementor-28928\" data-elementor-post-type=\"page\">\n\t\t\t\t<div class=\"elementor-element elementor-element-7cb1169 e-flex e-con-boxed e-con e-parent\" data-id=\"7cb1169\" data-element_type=\"container\" data-e-type=\"container\" data-settings=\"{&quot;background_background&quot;:&quot;classic&quot;}\">\n\t\t\t\t\t<div class=\"e-con-inner\">\n\t\t\t\t\t<\/div>\n\t\t\t\t<\/div>\n\t\t<div class=\"elementor-element elementor-element-7b3fefb e-flex e-con-boxed e-con e-parent\" data-id=\"7b3fefb\" data-element_type=\"container\" data-e-type=\"container\" data-settings=\"{&quot;background_background&quot;:&quot;classic&quot;}\">\n\t\t\t\t\t<div class=\"e-con-inner\">\n\t\t<div class=\"elementor-element elementor-element-70e2eac e-con-full e-flex e-con e-child\" data-id=\"70e2eac\" data-element_type=\"container\" data-e-type=\"container\">\n\t\t\t\t<\/div>\n\t\t<div class=\"elementor-element elementor-element-a2b9d35 e-con-full e-flex e-con e-child\" data-id=\"a2b9d35\" data-element_type=\"container\" data-e-type=\"container\">\n\t\t\t\t<div class=\"elementor-element elementor-element-1af07f5 elementor-widget__width-initial elementor-button-align-stretch elementor-widget elementor-widget-form\" data-id=\"1af07f5\" data-element_type=\"widget\" data-e-type=\"widget\" data-settings=\"{&quot;step_next_label&quot;:&quot;Suivant&quot;,&quot;step_previous_label&quot;:&quot;Pr\\u00e9c\\u00e9dent&quot;,&quot;button_width&quot;:&quot;100&quot;,&quot;step_type&quot;:&quot;number_text&quot;,&quot;step_icon_shape&quot;:&quot;circle&quot;}\" data-widget_type=\"form.default\">\n\t\t\t\t<div class=\"elementor-widget-container\">\n\t\t\t\t\t\t\t<form class=\"elementor-form\" method=\"post\" name=\"Nouveau formulaire\" aria-label=\"Nouveau formulaire\">\n\t\t\t<input type=\"hidden\" name=\"post_id\" value=\"28928\"\/>\n\t\t\t<input type=\"hidden\" name=\"form_id\" value=\"1af07f5\"\/>\n\t\t\t<input type=\"hidden\" name=\"referer_title\" value=\"Contact - Enrico Pestalozzi Art\" \/>\n\n\t\t\t\t\t\t\t<input type=\"hidden\" name=\"queried_id\" value=\"28928\"\/>\n\t\t\t\n\t\t\t<div class=\"elementor-form-fields-wrapper elementor-labels-\">\n\t\t\t\t\t\t\t\t<div class=\"elementor-field-type-text elementor-field-group elementor-column elementor-field-group-name elementor-col-100 elementor-field-required\">\n\t\t\t\t\t\t\t\t\t\t\t\t<label for=\"form-field-name\" class=\"elementor-field-label elementor-screen-only\">\n\t\t\t\t\t\t\t\tNom\t\t\t\t\t\t\t<\/label>\n\t\t\t\t\t\t\t\t\t\t\t\t\t\t<input size=\"1\" type=\"text\" name=\"form_fields[name]\" id=\"form-field-name\" class=\"elementor-field elementor-size-sm  elementor-field-textual\" placeholder=\"Pr\u00e9nom et Nom\" required=\"required\">\n\t\t\t\t\t\t\t\t\t\t\t<\/div>\n\t\t\t\t\t\t\t\t<div class=\"elementor-field-type-text elementor-field-group elementor-column elementor-field-group-field_9e6a7c9 elementor-col-100 elementor-field-required\">\n\t\t\t\t\t\t\t\t\t\t\t\t<label for=\"form-field-field_9e6a7c9\" class=\"elementor-field-label elementor-screen-only\">\n\t\t\t\t\t\t\t\tNom\t\t\t\t\t\t\t<\/label>\n\t\t\t\t\t\t\t\t\t\t\t\t\t\t<input size=\"1\" type=\"text\" name=\"form_fields[field_9e6a7c9]\" id=\"form-field-field_9e6a7c9\" class=\"elementor-field elementor-size-sm  elementor-field-textual\" placeholder=\"Localit\u00e9 et pays\" required=\"required\">\n\t\t\t\t\t\t\t\t\t\t\t<\/div>\n\t\t\t\t\t\t\t\t<div class=\"elementor-field-type-email elementor-field-group elementor-column elementor-field-group-email elementor-col-100 elementor-field-required\">\n\t\t\t\t\t\t\t\t\t\t\t\t<label for=\"form-field-email\" class=\"elementor-field-label elementor-screen-only\">\n\t\t\t\t\t\t\t\tE-mail\t\t\t\t\t\t\t<\/label>\n\t\t\t\t\t\t\t\t\t\t\t\t\t\t<input size=\"1\" type=\"email\" name=\"form_fields[email]\" id=\"form-field-email\" class=\"elementor-field elementor-size-sm  elementor-field-textual\" placeholder=\"Adresse e-mail\" required=\"required\">\n\t\t\t\t\t\t\t\t\t\t\t<\/div>\n\t\t\t\t\t\t\t\t<div class=\"elementor-field-type-textarea elementor-field-group elementor-column elementor-field-group-message elementor-col-100\">\n\t\t\t\t\t\t\t\t\t\t\t\t<label for=\"form-field-message\" class=\"elementor-field-label elementor-screen-only\">\n\t\t\t\t\t\t\t\tMessage\t\t\t\t\t\t\t<\/label>\n\t\t\t\t\t\t<textarea class=\"elementor-field-textual elementor-field  elementor-size-sm\" name=\"form_fields[message]\" id=\"form-field-message\" rows=\"10\" placeholder=\"Message\"><\/textarea>\t\t\t\t<\/div>\n\t\t\t\t\t\t\t\t<div class=\"elementor-field-type-recaptcha_v3 elementor-field-group elementor-column elementor-field-group-field_d8e441e elementor-col-100 recaptcha_v3-bottomright\">\n\t\t\t\t\t<div class=\"elementor-field\" id=\"form-field-field_d8e441e\"><div class=\"elementor-g-recaptcha\" data-sitekey=\"6Ld7A6QrAAAAAIluvNWpOpkQht9TrpCMNgI_Fji2\" data-type=\"v3\" data-action=\"Form\" data-badge=\"bottomright\" data-size=\"invisible\"><\/div><\/div>\t\t\t\t<\/div>\n\t\t\t\t\t\t\t\t<div class=\"elementor-field-group elementor-column elementor-field-type-submit elementor-col-100 e-form__buttons\">\n\t\t\t\t\t<button class=\"elementor-button elementor-size-sm\" type=\"submit\">\n\t\t\t\t\t\t<span class=\"elementor-button-content-wrapper\">\n\t\t\t\t\t\t\t\t\t\t\t\t\t\t\t\t\t\t\t\t\t\t<span class=\"elementor-button-text\">Envoyer<\/span>\n\t\t\t\t\t\t\t\t\t\t\t\t\t<\/span>\n\t\t\t\t\t<\/button>\n\t\t\t\t<\/div>\n\t\t\t<\/div>\n\t\t<\/form>\n\t\t\t\t\t\t<\/div>\n\t\t\t\t<\/div>\n\t\t\t\t<\/div>\n\t\t<div class=\"elementor-element elementor-element-d8d22e1 e-con-full e-flex e-con e-child\" data-id=\"d8d22e1\" data-element_type=\"container\" data-e-type=\"container\">\n\t\t\t\t<\/div>\n\t\t\t\t\t<\/div>\n\t\t\t\t<\/div>\n\t\t<div class=\"elementor-element elementor-element-3ee05f9 e-flex e-con-boxed e-con e-parent\" data-id=\"3ee05f9\" data-element_type=\"container\" data-e-type=\"container\">\n\t\t\t\t\t<div class=\"e-con-inner\">\n\t\t\t\t<div class=\"elementor-element elementor-element-22846fb elementor-widget elementor-widget-text-editor\" data-id=\"22846fb\" data-element_type=\"widget\" data-e-type=\"widget\" data-widget_type=\"text-editor.default\">\n\t\t\t\t<div class=\"elementor-widget-container\">\n\t\t\t\t\t\t\t\t\tEn soumettant cette demande, votre adresse e-mail sera ajout\u00e9e \u00e0 ma liste de diffusion. Si vous ne souhaitez pas recevoir d&rsquo;e-mails de ma part,<br> vous pouvez vous d\u00e9sabonner \u00e0 tout moment. Cette page est prot\u00e9g\u00e9e par reCAPTCHA. La politique de confidentialit\u00e9 de ce site ainsi que la politique de confidentialit\u00e9 et les conditions d&rsquo;utilisation de Google s&rsquo;appliquent.\t\t\t\t\t\t\t\t<\/div>\n\t\t\t\t<\/div>\n\t\t\t\t\t<\/div>\n\t\t\t\t<\/div>\n\t\t\t\t<\/div>\n\t\t","protected":false},"excerpt":{"rendered":"<p>En soumettant cette demande, votre adresse e-mail sera ajout\u00e9e \u00e0 ma liste de diffusion. Si vous ne souhaitez pas recevoir d&rsquo;e-mails de ma part, vous pouvez vous d\u00e9sabonner \u00e0 tout moment. Cette page est prot\u00e9g\u00e9e par reCAPTCHA. La politique de confidentialit\u00e9 de ce site ainsi que la politique de confidentialit\u00e9 et les conditions d&rsquo;utilisation de [&hellip;]<\/p>\n","protected":false},"author":2,"featured_media":0,"parent":0,"menu_order":0,"comment_status":"closed","ping_status":"closed","template":"elementor_header_footer","meta":{"iawp_total_views":44,"footnotes":""},"class_list":["post-28928","page","type-page","status-publish","hentry"],"_links":{"self":[{"href":"https:\/\/enricopestalozziart.ch\/es\/wp-json\/wp\/v2\/pages\/28928","targetHints":{"allow":["GET"]}}],"collection":[{"href":"https:\/\/enricopestalozziart.ch\/es\/wp-json\/wp\/v2\/pages"}],"about":[{"href":"https:\/\/enricopestalozziart.ch\/es\/wp-json\/wp\/v2\/types\/page"}],"author":[{"embeddable":true,"href":"https:\/\/enricopestalozziart.ch\/es\/wp-json\/wp\/v2\/users\/2"}],"replies":[{"embeddable":true,"href":"https:\/\/enricopestalozziart.ch\/es\/wp-json\/wp\/v2\/comments?post=28928"}],"version-history":[{"count":5,"href":"https:\/\/enricopestalozziart.ch\/es\/wp-json\/wp\/v2\/pages\/28928\/revisions"}],"predecessor-version":[{"id":32360,"href":"https:\/\/enricopestalozziart.ch\/es\/wp-json\/wp\/v2\/pages\/28928\/revisions\/32360"}],"wp:attachment":[{"href":"https:\/\/enricopestalozziart.ch\/es\/wp-json\/wp\/v2\/media?parent=28928"}],"curies":[{"name":"wp","href":"https:\/\/api.w.org\/{rel}","templated":true}]}}