{"id":31317,"date":"2025-05-28T15:20:39","date_gmt":"2025-05-28T13:20:39","guid":{"rendered":"https:\/\/enricopestalozziart.ch\/?post_type=product&#038;p=31317"},"modified":"2025-09-17T11:52:21","modified_gmt":"2025-09-17T09:52:21","slug":"le-fauteuil","status":"publish","type":"product","link":"https:\/\/enricopestalozziart.ch\/en\/product\/le-fauteuil\/","title":{"rendered":"Le fauteuil"},"content":{"rendered":"<p><strong>ENRICO PESTALOZZI, <em>Le Fauteuil<\/em>, 2024, acrylique sur toile 140 x 100 cm<\/strong><\/p>\n<p>Le fauteuil se trouve dans un chalet du Valais Romand, pr\u00e8s d\u2019\u00c9vol\u00e8ne. Quand, l\u2019apr\u00e8s-midi, le soleil entre par la porte du balcon, j\u2019ai l\u2019impression d\u2019\u00eatre \u00e0 l\u2019int\u00e9rieur d\u2019une lampe\u2026 Tout dans le salon prend feuu, du parquet verni jusqu\u2019aux livres sur les \u00e9tag\u00e8res. Le bois remplit l\u2019espace d\u2019un ton chaud, vibrant, presque monochrome, entre le jaune, l\u2019orange et l\u2019ocre. Quand au style, la ligne rouge fait d\u00e9sormais partie de mon approche et je l\u2019ai utilis\u00e9e. J\u2019avoue que \u00e7a n\u2019a pas \u00e9t\u00e9 facile, car le rouge ne contraste pas beaucoup avec les tons d\u2019orange dominants.<\/p>\n<p><strong>Option \u00e9dition 30 exemplaires sign\u00e9s \u00e0 la main<\/strong><strong> \u2013 de CHF 310 \u00e0 570<\/strong><br \/>\nCliquez sur l\u2019onglet\u00a0<em>Demande d\u2019offre<\/em>\u00a0ci-dessous<\/p>\n<p><strong>Option \u0153uvre originale \/ Acrylique sur toile \/ 140 x 100 cm:\u00a0<\/strong><strong>DISPONIBLE \u2013 CHF 4\u2019500.-<\/strong><br \/>\nCliquez sur l\u2019onglet\u00a0<em>Demande d\u2019offre<\/em>\u00a0ci-dessous<\/p>","protected":false},"excerpt":{"rendered":"<p><strong>Tirage d&rsquo;art qualit\u00e9 mus\u00e9e.<\/strong> Choisissez votre tirage d&rsquo;art parmi les options propos\u00e9es de cette peinture acrylique repr\u00e9sentant le salon illumin\u00e9 part le soleil de l\u2019apr\u00e8s-midi, qui remplissent l\u2019espace de tons chauds..<\/p>\n<p><strong>Option \u00e9dition 30 exemplaires sign\u00e9s \u00e0 la main<\/strong><strong> \u2013 de CHF 310 \u00e0 570<\/strong><br \/>\nCliquez sur l\u2019onglet\u00a0<em>Demande d\u2019offre<\/em>\u00a0ci-dessous<\/p>\n<p><strong>Option \u0153uvre originale \/ 2024 \/ Acrylique sur toile \/ 140 x 100 cm: <\/strong><strong>DISPONIBLE \u2013 CHF 4\u2019500.-<\/strong><br \/>\nCliquez sur l\u2019onglet\u00a0<em>Demande d\u2019offre<\/em>\u00a0ci-dessous<\/p>\n<p>&nbsp;<\/p>\n<p><strong>Commandez votre tirage en \u00e9dition limit\u00e9e:<\/strong><\/p>","protected":false},"featured_media":31316,"comment_status":"open","ping_status":"closed","template":"","meta":{"iawp_total_views":16},"product_brand":[],"product_cat":[43,33,46],"product_tag":[],"class_list":{"0":"post-31317","1":"product","2":"type-product","3":"status-publish","4":"has-post-thumbnail","6":"product_cat-oeuvres-originales","7":"product_cat-tirages-art-acryliques","8":"product_cat-tous","9":"pa_edition-type-limited-edition-100","10":"pa_edition-type-open-edition","12":"first","13":"instock","14":"taxable","15":"shipping-taxable","16":"purchasable","17":"product-type-variable"},"_links":{"self":[{"href":"https:\/\/enricopestalozziart.ch\/en\/wp-json\/wp\/v2\/product\/31317","targetHints":{"allow":["GET"]}}],"collection":[{"href":"https:\/\/enricopestalozziart.ch\/en\/wp-json\/wp\/v2\/product"}],"about":[{"href":"https:\/\/enricopestalozziart.ch\/en\/wp-json\/wp\/v2\/types\/product"}],"replies":[{"embeddable":true,"href":"https:\/\/enricopestalozziart.ch\/en\/wp-json\/wp\/v2\/comments?post=31317"}],"wp:featuredmedia":[{"embeddable":true,"href":"https:\/\/enricopestalozziart.ch\/en\/wp-json\/wp\/v2\/media\/31316"}],"wp:attachment":[{"href":"https:\/\/enricopestalozziart.ch\/en\/wp-json\/wp\/v2\/media?parent=31317"}],"wp:term":[{"taxonomy":"product_brand","embeddable":true,"href":"https:\/\/enricopestalozziart.ch\/en\/wp-json\/wp\/v2\/product_brand?post=31317"},{"taxonomy":"product_cat","embeddable":true,"href":"https:\/\/enricopestalozziart.ch\/en\/wp-json\/wp\/v2\/product_cat?post=31317"},{"taxonomy":"product_tag","embeddable":true,"href":"https:\/\/enricopestalozziart.ch\/en\/wp-json\/wp\/v2\/product_tag?post=31317"}],"curies":[{"name":"wp","href":"https:\/\/api.w.org\/{rel}","templated":true}]}}