{"id":31101,"date":"2025-05-28T13:58:26","date_gmt":"2025-05-28T11:58:26","guid":{"rendered":"https:\/\/enricopestalozziart.ch\/?post_type=product&#038;p=31101"},"modified":"2025-06-10T10:04:31","modified_gmt":"2025-06-10T08:04:31","slug":"portofino","status":"publish","type":"product","link":"https:\/\/enricopestalozziart.ch\/en\/product\/portofino\/","title":{"rendered":"Portofino"},"content":{"rendered":"<p><strong>ENRICO PESTALOZZI, <\/strong><em><strong>Portofino<\/strong><\/em><strong>, 2021, acrylique sur toile 90 x 116 cm<\/strong><\/p>\n<p>En 2021, j\u2019ai commenc\u00e9 \u00e0 explorer l\u2019abstraction dans mon style, \u00e0 chercher une empreinte plus personnelle dans mes peintures. Avec <em>Portofino<\/em>, j\u2019ai os\u00e9 pour la premi\u00e8re fois affirmer ma \u00ab ligne rouge \u00bb.<br \/>\nOn sent que je n\u2019ose pas encore les aplats et la r\u00e9duction des d\u00e9tails : je travaille toujours avec des glacis transparents, h\u00e9rit\u00e9s de ma pratique de l\u2019aquarelle.<br \/>\nLa personne au centre de la place, c\u2019est ma fille Emily, avec qui j\u2019ai d\u00e9couvert cette bourgade fascinante de la r\u00e9gion des Cinque Terre.<br \/>\nCe fut un voyage de d\u00e9couverte artistique, mais aussi une mani\u00e8re de mieux nous rencontrer, elle et moi.<\/p>\n<p><strong>Option \u00e9dition 30 exemplaires sign\u00e9s \u00e0 la main \u2013 de CHF 310 \u00e0 570<\/strong><br \/>\nCliquez sur l\u2019onglet\u00a0<em>Demande d\u2019offre<\/em>\u00a0ci-dessous<\/p>\n<p><strong>Option \u0153uvre originale \/ Acrylique sur toile \/ 90 x 116 cm\u00a0:\u00a0DISPONIBLE \u2013 CHF 4\u2019300<\/strong><strong><br \/>\n<\/strong>Cliquez sur l\u2019onglet\u00a0<em>Demande d\u2019offre<\/em>\u00a0ci-dessous<\/p>","protected":false},"excerpt":{"rendered":"<p><strong>Tirage d&rsquo;art qualit\u00e9 mus\u00e9e.<\/strong> Choisissez votre tirage d&rsquo;art parmi les options propos\u00e9es de cette peinture acrylique repr\u00e9sentant le fameux village ligure de Portofino. Au niveau du style c&rsquo;est la premi\u00e8re apparition de la \u00ab ligne rouge \u00bb dans mon travail, qui reste encore largement influenc\u00e9 par les glacis issus de la technique de l\u2019aquarelle.<\/p>\n<p><strong>Option \u00e9dition 30 exemplaires sign\u00e9s \u00e0 la main \u2013 de CHF 310 \u00e0 570<\/strong><br \/>\nCliquez sur l\u2019onglet\u00a0<em>Demande d\u2019offre<\/em>\u00a0ci-dessous<\/p>\n<p><strong>Option \u0153uvre originale: 2021 \/ Acrylique sur toile \/ 90 x 116 cm : DISPONIBLE \u2013 CHF 4\u2019300.-<\/strong><br \/>\nCliquez sur l\u2019onglet\u00a0<em>Demande d\u2019offre<\/em>\u00a0ci-dessous<\/p>\n<p>&nbsp;<\/p>\n<p><strong>Commandez votre tirage d\u2019art qualit\u00e9 mus\u00e9e:<\/strong><\/p>","protected":false},"featured_media":31100,"comment_status":"open","ping_status":"closed","template":"","meta":{"iawp_total_views":18},"product_brand":[],"product_cat":[43,33,46],"product_tag":[],"class_list":{"0":"post-31101","1":"product","2":"type-product","3":"status-publish","4":"has-post-thumbnail","6":"product_cat-oeuvres-originales","7":"product_cat-tirages-art-acryliques","8":"product_cat-tous","9":"pa_edition-type-limited-edition-100","10":"pa_edition-type-open-edition","12":"first","13":"instock","14":"taxable","15":"shipping-taxable","16":"purchasable","17":"product-type-variable"},"_links":{"self":[{"href":"https:\/\/enricopestalozziart.ch\/en\/wp-json\/wp\/v2\/product\/31101","targetHints":{"allow":["GET"]}}],"collection":[{"href":"https:\/\/enricopestalozziart.ch\/en\/wp-json\/wp\/v2\/product"}],"about":[{"href":"https:\/\/enricopestalozziart.ch\/en\/wp-json\/wp\/v2\/types\/product"}],"replies":[{"embeddable":true,"href":"https:\/\/enricopestalozziart.ch\/en\/wp-json\/wp\/v2\/comments?post=31101"}],"wp:featuredmedia":[{"embeddable":true,"href":"https:\/\/enricopestalozziart.ch\/en\/wp-json\/wp\/v2\/media\/31100"}],"wp:attachment":[{"href":"https:\/\/enricopestalozziart.ch\/en\/wp-json\/wp\/v2\/media?parent=31101"}],"wp:term":[{"taxonomy":"product_brand","embeddable":true,"href":"https:\/\/enricopestalozziart.ch\/en\/wp-json\/wp\/v2\/product_brand?post=31101"},{"taxonomy":"product_cat","embeddable":true,"href":"https:\/\/enricopestalozziart.ch\/en\/wp-json\/wp\/v2\/product_cat?post=31101"},{"taxonomy":"product_tag","embeddable":true,"href":"https:\/\/enricopestalozziart.ch\/en\/wp-json\/wp\/v2\/product_tag?post=31101"}],"curies":[{"name":"wp","href":"https:\/\/api.w.org\/{rel}","templated":true}]}}