{"id":28926,"date":"2024-12-04T13:28:56","date_gmt":"2024-12-04T12:28:56","guid":{"rendered":"https:\/\/enricopestalozziart.ch\/?page_id=28926"},"modified":"2025-08-06T07:03:18","modified_gmt":"2025-08-06T05:03:18","slug":"expositions","status":"publish","type":"page","link":"https:\/\/enricopestalozziart.ch\/en\/expositions\/","title":{"rendered":"Expositions"},"content":{"rendered":"<div data-elementor-type=\"wp-page\" data-elementor-id=\"28926\" class=\"elementor elementor-28926\" data-elementor-post-type=\"page\">\n\t\t\t\t<div class=\"elementor-element elementor-element-487e022 elementor-hidden-tablet elementor-hidden-mobile e-con-full e-flex e-con e-parent\" data-id=\"487e022\" data-element_type=\"container\" data-e-type=\"container\" data-settings=\"{&quot;background_background&quot;:&quot;classic&quot;}\">\n\t\t\t\t<\/div>\n\t\t<div class=\"elementor-element elementor-element-b71eadb elementor-hidden-desktop e-con-full e-flex e-con e-parent\" data-id=\"b71eadb\" data-element_type=\"container\" data-e-type=\"container\" data-settings=\"{&quot;background_background&quot;:&quot;classic&quot;}\">\n\t\t\t\t<\/div>\n\t\t<div class=\"elementor-element elementor-element-d14062e e-flex e-con-boxed e-con e-parent\" data-id=\"d14062e\" data-element_type=\"container\" data-e-type=\"container\">\n\t\t\t\t\t<div class=\"e-con-inner\">\n\t\t<div class=\"elementor-element elementor-element-70da122 e-con-full elementor-hidden-mobile e-flex e-con e-child\" data-id=\"70da122\" data-element_type=\"container\" data-e-type=\"container\">\n\t\t\t\t<\/div>\n\t\t<div class=\"elementor-element elementor-element-3999c33 e-con-full e-flex e-con e-child\" data-id=\"3999c33\" data-element_type=\"container\" data-e-type=\"container\">\n\t\t\t\t<div class=\"elementor-element elementor-element-4be0594 elementor-widget elementor-widget-heading\" data-id=\"4be0594\" data-element_type=\"widget\" data-e-type=\"widget\" data-widget_type=\"heading.default\">\n\t\t\t\t<div class=\"elementor-widget-container\">\n\t\t\t\t\t<h2 class=\"elementor-heading-title elementor-size-default\">Prochaines expositions<\/h2>\t\t\t\t<\/div>\n\t\t\t\t<\/div>\n\t\t\t\t<\/div>\n\t\t<div class=\"elementor-element elementor-element-9a7d6ba e-con-full elementor-hidden-mobile e-flex e-con e-child\" data-id=\"9a7d6ba\" data-element_type=\"container\" data-e-type=\"container\">\n\t\t\t\t<\/div>\n\t\t\t\t\t<\/div>\n\t\t\t\t<\/div>\n\t\t<div class=\"elementor-element elementor-element-8536390 e-flex e-con-boxed e-con e-parent\" data-id=\"8536390\" data-element_type=\"container\" data-e-type=\"container\">\n\t\t\t\t\t<div class=\"e-con-inner\">\n\t\t<div class=\"elementor-element elementor-element-253d564 e-con-full e-flex e-con e-child\" data-id=\"253d564\" data-element_type=\"container\" data-e-type=\"container\">\n\t\t\t\t<div class=\"elementor-element elementor-element-a236660 elementor-widget elementor-widget-text-editor\" data-id=\"a236660\" data-element_type=\"widget\" data-e-type=\"widget\" data-widget_type=\"text-editor.default\">\n\t\t\t\t<div class=\"elementor-widget-container\">\n\t\t\t\t\t\t\t\t\t<p><strong>M\u00e4der &amp; Parner<\/strong><br \/><strong>Architekturstudios<\/strong><br \/><strong>Otelfingen (ZH) Suisse<\/strong><br \/>18 septembre 2025 \u00e0 18hoo<br \/>Industriestrasse 19, 8<sup>e<\/sup>\u00a0\u00e9tage,<br \/>8112 Otelfingen<br \/><strong>Entr\u00e9e libre<\/strong><br \/><a style=\"color: blue; text-decoration: underline;\" href=\"https:\/\/enricopestalozziart.ch\/en\/enrico-pestalozzi-events\/\"><strong>Inscription requise<\/strong><\/a><\/p>\t\t\t\t\t\t\t\t<\/div>\n\t\t\t\t<\/div>\n\t\t\t\t<\/div>\n\t\t<div class=\"elementor-element elementor-element-db2646b e-con-full e-flex e-con e-child\" data-id=\"db2646b\" data-element_type=\"container\" data-e-type=\"container\">\n\t\t\t\t<div class=\"elementor-element elementor-element-45fdf87 elementor-widget elementor-widget-image\" data-id=\"45fdf87\" data-element_type=\"widget\" data-e-type=\"widget\" data-widget_type=\"image.default\">\n\t\t\t\t<div class=\"elementor-widget-container\">\n\t\t\t\t\t\t\t\t\t\t\t\t\t\t\t<img fetchpriority=\"high\" decoding=\"async\" width=\"800\" height=\"600\" src=\"https:\/\/enricopestalozziart.ch\/wp-content\/uploads\/2025\/08\/enrico-pestalozzi-exposition-luci-d-italia-1024x768.jpg\" class=\"attachment-large size-large wp-image-32304\" alt=\"Exposition Luci d&#039;Italia de Enrico Pestalozzi\" srcset=\"https:\/\/enricopestalozziart.ch\/wp-content\/uploads\/2025\/08\/enrico-pestalozzi-exposition-luci-d-italia-1024x768.jpg 1024w, https:\/\/enricopestalozziart.ch\/wp-content\/uploads\/2025\/08\/enrico-pestalozzi-exposition-luci-d-italia-300x225.jpg 300w, https:\/\/enricopestalozziart.ch\/wp-content\/uploads\/2025\/08\/enrico-pestalozzi-exposition-luci-d-italia-768x576.jpg 768w, https:\/\/enricopestalozziart.ch\/wp-content\/uploads\/2025\/08\/enrico-pestalozzi-exposition-luci-d-italia-16x12.jpg 16w, https:\/\/enricopestalozziart.ch\/wp-content\/uploads\/2025\/08\/enrico-pestalozzi-exposition-luci-d-italia-600x450.jpg 600w, https:\/\/enricopestalozziart.ch\/wp-content\/uploads\/2025\/08\/enrico-pestalozzi-exposition-luci-d-italia.jpg 1365w\" sizes=\"(max-width: 800px) 100vw, 800px\" \/>\t\t\t\t\t\t\t\t\t\t\t\t\t\t\t<\/div>\n\t\t\t\t<\/div>\n\t\t\t\t<\/div>\n\t\t<div class=\"elementor-element elementor-element-f54730d e-con-full e-flex e-con e-child\" data-id=\"f54730d\" data-element_type=\"container\" data-e-type=\"container\">\n\t\t\t\t<div class=\"elementor-element elementor-element-8d49607 elementor-widget elementor-widget-text-editor\" data-id=\"8d49607\" data-element_type=\"widget\" data-e-type=\"widget\" data-widget_type=\"text-editor.default\">\n\t\t\t\t<div class=\"elementor-widget-container\">\n\t\t\t\t\t\t\t\t\t<p class=\"p1\"><em><strong>Luci d&rsquo;Italia<\/strong><\/em> \u2013 un \u00e9v\u00e9nement visuel et musical d\u2019Enrico Pestalozzi, qui stimule tous les sens. Introduction de Heribert Maier, directeur de AMP : <b><em>L\u2019art de b\u00e2tir avec \u00e2me.<\/em><br \/><\/b><\/p><p>Interm\u00e8de musical: Enrico Pestalozzi (guitare\/voix) et Guillaume Cottet (percussions\/voix) pr\u00e9sentent les derni\u00e8res compositions d\u2019 Enrico Pestalozzi sous le th\u00e8me <em><strong>Take it easy<\/strong><\/em>.<\/p><p class=\"p1\"><strong>Ap\u00e9ritif d\u00eenatoire.<\/strong><\/p>\t\t\t\t\t\t\t\t<\/div>\n\t\t\t\t<\/div>\n\t\t\t\t<\/div>\n\t\t\t\t\t<\/div>\n\t\t\t\t<\/div>\n\t\t<div class=\"elementor-element elementor-element-fbac6c6 e-flex e-con-boxed e-con e-parent\" data-id=\"fbac6c6\" data-element_type=\"container\" data-e-type=\"container\">\n\t\t\t\t\t<div class=\"e-con-inner\">\n\t\t<div class=\"elementor-element elementor-element-9ea7cbb e-con-full elementor-hidden-mobile e-flex e-con e-child\" data-id=\"9ea7cbb\" data-element_type=\"container\" data-e-type=\"container\">\n\t\t\t\t<\/div>\n\t\t<div class=\"elementor-element elementor-element-38a274b e-con-full e-flex e-con e-child\" data-id=\"38a274b\" data-element_type=\"container\" data-e-type=\"container\">\n\t\t\t\t<div class=\"elementor-element elementor-element-8efad25 elementor-widget elementor-widget-heading\" data-id=\"8efad25\" data-element_type=\"widget\" data-e-type=\"widget\" data-widget_type=\"heading.default\">\n\t\t\t\t<div class=\"elementor-widget-container\">\n\t\t\t\t\t<h2 class=\"elementor-heading-title elementor-size-default\">Derni\u00e8res expositions<\/h2>\t\t\t\t<\/div>\n\t\t\t\t<\/div>\n\t\t\t\t<\/div>\n\t\t<div class=\"elementor-element elementor-element-03d4816 e-con-full elementor-hidden-mobile e-flex e-con e-child\" data-id=\"03d4816\" data-element_type=\"container\" data-e-type=\"container\">\n\t\t\t\t<\/div>\n\t\t\t\t\t<\/div>\n\t\t\t\t<\/div>\n\t\t<div class=\"elementor-element elementor-element-7d6511a e-flex e-con-boxed e-con e-parent\" data-id=\"7d6511a\" data-element_type=\"container\" data-e-type=\"container\">\n\t\t\t\t\t<div class=\"e-con-inner\">\n\t\t<div class=\"elementor-element elementor-element-29cfac3 e-con-full e-flex e-con e-child\" data-id=\"29cfac3\" data-element_type=\"container\" data-e-type=\"container\">\n\t\t\t\t<div class=\"elementor-element elementor-element-73526a4 elementor-widget elementor-widget-text-editor\" data-id=\"73526a4\" data-element_type=\"widget\" data-e-type=\"widget\" data-widget_type=\"text-editor.default\">\n\t\t\t\t<div class=\"elementor-widget-container\">\n\t\t\t\t\t\t\t\t\t<p>Centre l\u00e9manique d&rsquo;Urologie<br \/>Lausanne, Suisse<br \/>Du 8 novembre 2022 au 15<br \/>mars 2023<\/p>\t\t\t\t\t\t\t\t<\/div>\n\t\t\t\t<\/div>\n\t\t\t\t<\/div>\n\t\t<div class=\"elementor-element elementor-element-7544785 e-con-full e-flex e-con e-child\" data-id=\"7544785\" data-element_type=\"container\" data-e-type=\"container\">\n\t\t\t\t<div class=\"elementor-element elementor-element-bacbb17 elementor-widget elementor-widget-image\" data-id=\"bacbb17\" data-element_type=\"widget\" data-e-type=\"widget\" data-widget_type=\"image.default\">\n\t\t\t\t<div class=\"elementor-widget-container\">\n\t\t\t\t\t\t\t\t\t\t\t\t\t\t\t<img decoding=\"async\" width=\"800\" height=\"603\" src=\"https:\/\/enricopestalozziart.ch\/wp-content\/uploads\/2024\/12\/Enrico-Pestalozzi-expose-au-centre-lemenique-de-urologie.webp\" class=\"attachment-large size-large wp-image-29174\" alt=\"Enrico-Pestalozzi-expose-au-centre-lemenique-de-urologie\" srcset=\"https:\/\/enricopestalozziart.ch\/wp-content\/uploads\/2024\/12\/Enrico-Pestalozzi-expose-au-centre-lemenique-de-urologie.webp 800w, https:\/\/enricopestalozziart.ch\/wp-content\/uploads\/2024\/12\/Enrico-Pestalozzi-expose-au-centre-lemenique-de-urologie-300x226.webp 300w, https:\/\/enricopestalozziart.ch\/wp-content\/uploads\/2024\/12\/Enrico-Pestalozzi-expose-au-centre-lemenique-de-urologie-768x579.webp 768w, https:\/\/enricopestalozziart.ch\/wp-content\/uploads\/2024\/12\/Enrico-Pestalozzi-expose-au-centre-lemenique-de-urologie-600x452.webp 600w\" sizes=\"(max-width: 800px) 100vw, 800px\" \/>\t\t\t\t\t\t\t\t\t\t\t\t\t\t\t<\/div>\n\t\t\t\t<\/div>\n\t\t\t\t<\/div>\n\t\t<div class=\"elementor-element elementor-element-d242983 e-con-full e-flex e-con e-child\" data-id=\"d242983\" data-element_type=\"container\" data-e-type=\"container\">\n\t\t\t\t<div class=\"elementor-element elementor-element-7066943 elementor-widget elementor-widget-text-editor\" data-id=\"7066943\" data-element_type=\"widget\" data-e-type=\"widget\" data-widget_type=\"text-editor.default\">\n\t\t\t\t<div class=\"elementor-widget-container\">\n\t\t\t\t\t\t\t\t\t<p>Au Centre L\u00e9manique d&rsquo;Urologie \u00e0 Lausanne, j&rsquo;ai eu l&rsquo;occasion de pr\u00e9senter ma s\u00e9rie d&rsquo;acryliques. Les visiteurs, principalement des patients, ont partag\u00e9 des impressions positives, \u00e9voquant une sensation de calme et de s\u00e9r\u00e9nit\u00e9 face aux \u0153uvres. La toile \u00abPin\u00e8de \u00e0 la Punta delle Grotte\u00bb a \u00e9t\u00e9 acquise par le centre et est expos\u00e9e \u00e0 la r\u00e9ception.<\/p>\t\t\t\t\t\t\t\t<\/div>\n\t\t\t\t<\/div>\n\t\t\t\t<\/div>\n\t\t\t\t\t<\/div>\n\t\t\t\t<\/div>\n\t\t<div class=\"elementor-element elementor-element-3c36c9d e-flex e-con-boxed e-con e-parent\" data-id=\"3c36c9d\" data-element_type=\"container\" data-e-type=\"container\">\n\t\t\t\t\t<div class=\"e-con-inner\">\n\t\t<div class=\"elementor-element elementor-element-f862507 e-con-full e-flex e-con e-child\" data-id=\"f862507\" data-element_type=\"container\" data-e-type=\"container\">\n\t\t\t\t<div class=\"elementor-element elementor-element-15eed5a elementor-widget elementor-widget-text-editor\" data-id=\"15eed5a\" data-element_type=\"widget\" data-e-type=\"widget\" data-widget_type=\"text-editor.default\">\n\t\t\t\t<div class=\"elementor-widget-container\">\n\t\t\t\t\t\t\t\t\t<p>Bicubic<br \/>Romont, Suisse<br \/>16 septembre 2021<\/p>\t\t\t\t\t\t\t\t<\/div>\n\t\t\t\t<\/div>\n\t\t\t\t<\/div>\n\t\t<div class=\"elementor-element elementor-element-1f7125e e-con-full e-flex e-con e-child\" data-id=\"1f7125e\" data-element_type=\"container\" data-e-type=\"container\">\n\t\t\t\t<div class=\"elementor-element elementor-element-756f2af elementor-widget elementor-widget-image\" data-id=\"756f2af\" data-element_type=\"widget\" data-e-type=\"widget\" data-widget_type=\"image.default\">\n\t\t\t\t<div class=\"elementor-widget-container\">\n\t\t\t\t\t\t\t\t\t\t\t\t\t\t\t<img decoding=\"async\" width=\"800\" height=\"603\" src=\"https:\/\/enricopestalozziart.ch\/wp-content\/uploads\/2024\/12\/Enrico-Pestalozzi-expose-au-bicubic-de-Romont.webp\" class=\"attachment-large size-large wp-image-29173\" alt=\"Enrico-Pestalozzi-expose-au-bicubic-de-Romont\" srcset=\"https:\/\/enricopestalozziart.ch\/wp-content\/uploads\/2024\/12\/Enrico-Pestalozzi-expose-au-bicubic-de-Romont.webp 800w, https:\/\/enricopestalozziart.ch\/wp-content\/uploads\/2024\/12\/Enrico-Pestalozzi-expose-au-bicubic-de-Romont-300x226.webp 300w, https:\/\/enricopestalozziart.ch\/wp-content\/uploads\/2024\/12\/Enrico-Pestalozzi-expose-au-bicubic-de-Romont-768x579.webp 768w, https:\/\/enricopestalozziart.ch\/wp-content\/uploads\/2024\/12\/Enrico-Pestalozzi-expose-au-bicubic-de-Romont-600x452.webp 600w\" sizes=\"(max-width: 800px) 100vw, 800px\" \/>\t\t\t\t\t\t\t\t\t\t\t\t\t\t\t<\/div>\n\t\t\t\t<\/div>\n\t\t\t\t<\/div>\n\t\t<div class=\"elementor-element elementor-element-4bf0144 e-con-full e-flex e-con e-child\" data-id=\"4bf0144\" data-element_type=\"container\" data-e-type=\"container\">\n\t\t\t\t<div class=\"elementor-element elementor-element-7d4caa8 elementor-widget elementor-widget-text-editor\" data-id=\"7d4caa8\" data-element_type=\"widget\" data-e-type=\"widget\" data-widget_type=\"text-editor.default\">\n\t\t\t\t<div class=\"elementor-widget-container\">\n\t\t\t\t\t\t\t\t\t<p>En 2021, j&rsquo;ai expos\u00e9 une s\u00e9lection d&rsquo;aquarelles et d&rsquo;acryliques r\u00e9centes dans le hall du Bicubic, offrant un aper\u00e7u de mon travail artistique actuel. Cette exposition a accompagn\u00e9 mon premier one-man show musical intitul\u00e9 Take It Easy, pr\u00e9sent\u00e9 dans la salle de spectacle. Cet \u00e9v\u00e9nement combinant art visuel et musique a marqu\u00e9 un moment fort dans mon parcours cr\u00e9atif.<\/p>\t\t\t\t\t\t\t\t<\/div>\n\t\t\t\t<\/div>\n\t\t\t\t<\/div>\n\t\t\t\t\t<\/div>\n\t\t\t\t<\/div>\n\t\t<div class=\"elementor-element elementor-element-c647d8b e-flex e-con-boxed e-con e-parent\" data-id=\"c647d8b\" data-element_type=\"container\" data-e-type=\"container\">\n\t\t\t\t\t<div class=\"e-con-inner\">\n\t\t<div class=\"elementor-element elementor-element-d766be1 e-con-full e-flex e-con e-child\" data-id=\"d766be1\" data-element_type=\"container\" data-e-type=\"container\">\n\t\t\t\t<div class=\"elementor-element elementor-element-0ad14a3 elementor-widget elementor-widget-text-editor\" data-id=\"0ad14a3\" data-element_type=\"widget\" data-e-type=\"widget\" data-widget_type=\"text-editor.default\">\n\t\t\t\t<div class=\"elementor-widget-container\">\n\t\t\t\t\t\t\t\t\t<p>Klinik Villa im Park<br \/>Rothrist, Suisse<br \/>Du 11 septembre au 9 octobre<br \/>1992<\/p>\t\t\t\t\t\t\t\t<\/div>\n\t\t\t\t<\/div>\n\t\t\t\t<\/div>\n\t\t<div class=\"elementor-element elementor-element-c0e3083 e-con-full e-flex e-con e-child\" data-id=\"c0e3083\" data-element_type=\"container\" data-e-type=\"container\">\n\t\t\t\t<div class=\"elementor-element elementor-element-2f27f9c elementor-widget elementor-widget-image\" data-id=\"2f27f9c\" data-element_type=\"widget\" data-e-type=\"widget\" data-widget_type=\"image.default\">\n\t\t\t\t<div class=\"elementor-widget-container\">\n\t\t\t\t\t\t\t\t\t\t\t\t\t\t\t<img loading=\"lazy\" decoding=\"async\" width=\"800\" height=\"603\" src=\"https:\/\/enricopestalozziart.ch\/wp-content\/uploads\/2024\/12\/Enrico-Pestalozzi-expose-a-la-clinique-Villa-im-Park-a-Rothrist.webp\" class=\"attachment-large size-large wp-image-29172\" alt=\"Enrico-Pestalozzi-expose-a-la-clinique-Villa-im-Park-a-Rothrist\" srcset=\"https:\/\/enricopestalozziart.ch\/wp-content\/uploads\/2024\/12\/Enrico-Pestalozzi-expose-a-la-clinique-Villa-im-Park-a-Rothrist.webp 800w, https:\/\/enricopestalozziart.ch\/wp-content\/uploads\/2024\/12\/Enrico-Pestalozzi-expose-a-la-clinique-Villa-im-Park-a-Rothrist-300x226.webp 300w, https:\/\/enricopestalozziart.ch\/wp-content\/uploads\/2024\/12\/Enrico-Pestalozzi-expose-a-la-clinique-Villa-im-Park-a-Rothrist-768x579.webp 768w, https:\/\/enricopestalozziart.ch\/wp-content\/uploads\/2024\/12\/Enrico-Pestalozzi-expose-a-la-clinique-Villa-im-Park-a-Rothrist-600x452.webp 600w\" sizes=\"(max-width: 800px) 100vw, 800px\" \/>\t\t\t\t\t\t\t\t\t\t\t\t\t\t\t<\/div>\n\t\t\t\t<\/div>\n\t\t\t\t<\/div>\n\t\t<div class=\"elementor-element elementor-element-4fbc734 e-con-full e-flex e-con e-child\" data-id=\"4fbc734\" data-element_type=\"container\" data-e-type=\"container\">\n\t\t\t\t<div class=\"elementor-element elementor-element-783caa3 elementor-widget elementor-widget-text-editor\" data-id=\"783caa3\" data-element_type=\"widget\" data-e-type=\"widget\" data-widget_type=\"text-editor.default\">\n\t\t\t\t<div class=\"elementor-widget-container\">\n\t\t\t\t\t\t\t\t\t<p>Ma premi\u00e8re grande exposition, tenue \u00e0 la clinique \u00abVilla im Park\u00bb \u00e0 Rothrist, a marqu\u00e9 un tournant dans mon parcours artistique. Pr\u00e9sentant une trentaine d&rsquo;aquarelles, en formats simples et triptyques, autour du th\u00e8me du Tessin, j&rsquo;ai rencontr\u00e9 un accueil chaleureux. Plus de la moiti\u00e9 des \u0153uvres ont trouv\u00e9 preneur, m&rsquo;encourageant dans ma d\u00e9marche et m&rsquo;\u00e9tablissant comme aquarelliste.<\/p>\t\t\t\t\t\t\t\t<\/div>\n\t\t\t\t<\/div>\n\t\t\t\t<\/div>\n\t\t\t\t\t<\/div>\n\t\t\t\t<\/div>\n\t\t<div class=\"elementor-element elementor-element-a82149c e-flex e-con-boxed e-con e-parent\" data-id=\"a82149c\" data-element_type=\"container\" data-e-type=\"container\">\n\t\t\t\t\t<div class=\"e-con-inner\">\n\t\t<div class=\"elementor-element elementor-element-4a9020c e-con-full elementor-hidden-mobile e-flex e-con e-child\" data-id=\"4a9020c\" data-element_type=\"container\" data-e-type=\"container\">\n\t\t\t\t<\/div>\n\t\t<div class=\"elementor-element elementor-element-c963585 e-con-full e-flex e-con e-child\" data-id=\"c963585\" data-element_type=\"container\" data-e-type=\"container\">\n\t\t\t\t<div class=\"elementor-element elementor-element-fe2742f elementor-widget elementor-widget-heading\" data-id=\"fe2742f\" data-element_type=\"widget\" data-e-type=\"widget\" data-widget_type=\"heading.default\">\n\t\t\t\t<div class=\"elementor-widget-container\">\n\t\t\t\t\t<h2 class=\"elementor-heading-title elementor-size-default\">Restez inform\u00e9s<\/h2>\t\t\t\t<\/div>\n\t\t\t\t<\/div>\n\t\t\t\t<div class=\"elementor-element elementor-element-6f06525 elementor-widget elementor-widget-text-editor\" data-id=\"6f06525\" data-element_type=\"widget\" data-e-type=\"widget\" data-widget_type=\"text-editor.default\">\n\t\t\t\t<div class=\"elementor-widget-container\">\n\t\t\t\t\t\t\t\t\t<p>Inscrivez-vous \u00e0 ma newsletter pour rester inform\u00e9 de mes prochaines expositions et de mes offres promotionnelles exclusives.<\/p>\t\t\t\t\t\t\t\t<\/div>\n\t\t\t\t<\/div>\n\t\t\t\t<\/div>\n\t\t<div class=\"elementor-element elementor-element-6eab1eb e-con-full elementor-hidden-mobile e-flex e-con e-child\" data-id=\"6eab1eb\" data-element_type=\"container\" data-e-type=\"container\">\n\t\t\t\t<\/div>\n\t\t\t\t\t<\/div>\n\t\t\t\t<\/div>\n\t\t\t\t<\/div>","protected":false},"excerpt":{"rendered":"<p>Prochaines expositions M\u00e4der &amp; ParnerArchitekturstudiosOtelfingen (ZH) Suisse18 septembre 2025 \u00e0 18hooIndustriestrasse 19, 8e\u00a0\u00e9tage,8112 OtelfingenEntr\u00e9e libreInscription requise Luci d&rsquo;Italia \u2013 un \u00e9v\u00e9nement visuel et musical d\u2019Enrico Pestalozzi, qui stimule tous les sens. Introduction de Heribert Maier, directeur de AMP : L\u2019art de b\u00e2tir avec \u00e2me. Interm\u00e8de musical: Enrico Pestalozzi (guitare\/voix) et Guillaume Cottet (percussions\/voix) pr\u00e9sentent les [&hellip;]<\/p>\n","protected":false},"author":2,"featured_media":0,"parent":0,"menu_order":0,"comment_status":"closed","ping_status":"closed","template":"elementor_header_footer","meta":{"iawp_total_views":90,"footnotes":""},"class_list":["post-28926","page","type-page","status-publish","hentry"],"_links":{"self":[{"href":"https:\/\/enricopestalozziart.ch\/en\/wp-json\/wp\/v2\/pages\/28926","targetHints":{"allow":["GET"]}}],"collection":[{"href":"https:\/\/enricopestalozziart.ch\/en\/wp-json\/wp\/v2\/pages"}],"about":[{"href":"https:\/\/enricopestalozziart.ch\/en\/wp-json\/wp\/v2\/types\/page"}],"author":[{"embeddable":true,"href":"https:\/\/enricopestalozziart.ch\/en\/wp-json\/wp\/v2\/users\/2"}],"replies":[{"embeddable":true,"href":"https:\/\/enricopestalozziart.ch\/en\/wp-json\/wp\/v2\/comments?post=28926"}],"version-history":[{"count":5,"href":"https:\/\/enricopestalozziart.ch\/en\/wp-json\/wp\/v2\/pages\/28926\/revisions"}],"predecessor-version":[{"id":32342,"href":"https:\/\/enricopestalozziart.ch\/en\/wp-json\/wp\/v2\/pages\/28926\/revisions\/32342"}],"wp:attachment":[{"href":"https:\/\/enricopestalozziart.ch\/en\/wp-json\/wp\/v2\/media?parent=28926"}],"curies":[{"name":"wp","href":"https:\/\/api.w.org\/{rel}","templated":true}]}}