{"id":31285,"date":"2025-05-28T15:05:21","date_gmt":"2025-05-28T13:05:21","guid":{"rendered":"https:\/\/enricopestalozziart.ch\/?post_type=product&#038;p=31285"},"modified":"2025-06-10T10:03:45","modified_gmt":"2025-06-10T08:03:45","slug":"monte-bar","status":"publish","type":"product","link":"https:\/\/enricopestalozziart.ch\/de\/produkt\/monte-bar\/","title":{"rendered":"Monte Bar"},"content":{"rendered":"<p><strong>ENRICO PESTALOZZI, <em>Monte Bar<\/em>, 2022, acrylique sur toile 100 x 140 cm<\/strong><\/p>\n<p>Le Monte Bar, c\u2019est la deuxi\u00e8me bosse illumin\u00e9e par un rayon de soleil qui s\u2019est faufil\u00e9 entre deux nuages apr\u00e8s l\u2019orage. La premi\u00e8re bosse, c\u2019est le Caval Drossa. Quand on les regarde depuis le Ponte di Melide ou depuis Bioggio, on dirait une paire de seins\u2026 oui, ces deux montagnes sont connues pour cela.<br \/>\nQuand le ciel s\u2019est ouvert, j\u2019\u00e9tais aux Monti di Sigirino et j\u2019ai \u00e9t\u00e9 frapp\u00e9 par cette lumi\u00e8re spectaculaire.<br \/>\nC\u00f4t\u00e9 technique, j\u2019ai travaill\u00e9 avec des glacis, et naturellement, la ligne rouge.<\/p>\n<p><strong>Option \u00e9dition 30 exemplaires sign\u00e9s \u00e0 la main \u2013 de CHF 310 \u00e0 570<\/strong><br \/>\nCliquez sur l\u2019onglet\u00a0<em>Demande d\u2019offre<\/em>\u00a0ci-dessous<\/p>\n<p><strong>Option \u0153uvre originale:<\/strong> <strong>Acrylique sur toile \/ 100 x 140cm : DISPONIBLE. CHF 4&rsquo;500.-<\/strong><br \/>\nCliquez sur l\u2019onglet\u00a0<em>Demande d\u2019offre<\/em>\u00a0ci-dessous<\/p>","protected":false},"excerpt":{"rendered":"<p><strong>Tirage d&rsquo;art qualit\u00e9 mus\u00e9e.<\/strong> Choisissez votre tirage d&rsquo;art parmi les options propos\u00e9es de cette peinture acrylique repr\u00e9sentant le Monte Bar au Tessin apr\u00e8s un orage, captant un rayon de lumi\u00e8re filtr\u00e9 entre les nuages. Le contraste puissant m\u2019a inspir\u00e9 un travail m\u00e9langeant peinture couvrante et glacis, travers\u00e9 par endroits de ma ligne rouge.<\/p>\n<p><strong>Option \u00e9dition 30 exemplaires sign\u00e9s \u00e0 la main \u2013 de CHF 310 \u00e0 570<\/strong><br \/>\nCliquez sur l\u2019onglet\u00a0<em>Demande d\u2019offre<\/em>\u00a0ci-dessous<\/p>\n<p><strong>Option \u0153uvre originale:<\/strong> <strong>Acrylique sur toile \/ 2022 \/ 100 x 140cm : DISPONIBLE. CHF 4&rsquo;500.-<\/strong><br \/>\nCliquez sur l\u2019onglet\u00a0<em>Demande d\u2019offre<\/em>\u00a0ci-dessous<\/p>\n<p>&nbsp;<\/p>\n<p><strong>Choisissez votre tirage d&rsquo;art qualit\u00e9 mus\u00e9e<\/strong><\/p>","protected":false},"featured_media":31284,"comment_status":"open","ping_status":"closed","template":"","meta":{"iawp_total_views":47},"product_brand":[],"product_cat":[43,33,46],"product_tag":[],"class_list":{"0":"post-31285","1":"product","2":"type-product","3":"status-publish","4":"has-post-thumbnail","6":"product_cat-oeuvres-originales","7":"product_cat-tirages-art-acryliques","8":"product_cat-tous","9":"pa_edition-type-limited-edition-100","10":"pa_edition-type-open-edition","12":"first","13":"instock","14":"taxable","15":"shipping-taxable","16":"purchasable","17":"product-type-variable"},"_links":{"self":[{"href":"https:\/\/enricopestalozziart.ch\/de\/wp-json\/wp\/v2\/product\/31285","targetHints":{"allow":["GET"]}}],"collection":[{"href":"https:\/\/enricopestalozziart.ch\/de\/wp-json\/wp\/v2\/product"}],"about":[{"href":"https:\/\/enricopestalozziart.ch\/de\/wp-json\/wp\/v2\/types\/product"}],"replies":[{"embeddable":true,"href":"https:\/\/enricopestalozziart.ch\/de\/wp-json\/wp\/v2\/comments?post=31285"}],"wp:featuredmedia":[{"embeddable":true,"href":"https:\/\/enricopestalozziart.ch\/de\/wp-json\/wp\/v2\/media\/31284"}],"wp:attachment":[{"href":"https:\/\/enricopestalozziart.ch\/de\/wp-json\/wp\/v2\/media?parent=31285"}],"wp:term":[{"taxonomy":"product_brand","embeddable":true,"href":"https:\/\/enricopestalozziart.ch\/de\/wp-json\/wp\/v2\/product_brand?post=31285"},{"taxonomy":"product_cat","embeddable":true,"href":"https:\/\/enricopestalozziart.ch\/de\/wp-json\/wp\/v2\/product_cat?post=31285"},{"taxonomy":"product_tag","embeddable":true,"href":"https:\/\/enricopestalozziart.ch\/de\/wp-json\/wp\/v2\/product_tag?post=31285"}],"curies":[{"name":"wp","href":"https:\/\/api.w.org\/{rel}","templated":true}]}}