{"id":31107,"date":"2025-05-28T13:58:29","date_gmt":"2025-05-28T11:58:29","guid":{"rendered":"https:\/\/enricopestalozziart.ch\/?post_type=product&#038;p=31107"},"modified":"2025-06-10T10:04:04","modified_gmt":"2025-06-10T08:04:04","slug":"pineta-delle-grotte","status":"publish","type":"product","link":"https:\/\/enricopestalozziart.ch\/de\/produkt\/pineta-delle-grotte\/","title":{"rendered":"Pineta delle Grotte"},"content":{"rendered":"<p><strong>ENRICO PESTALOZZI, <\/strong><em><strong>Pineta delle Grotte<\/strong><\/em><strong>, 2021, acrylique sur toile 90 x 116 cm<\/strong><\/p>\n<p>C\u2019est la premi\u00e8re peinture o\u00f9 je me suis permis de sortir de mon ancienne technique des glacis utilis\u00e9s dans l\u2019aquarelle. Je me suis octroy\u00e9 le droit de simplifier les formes des arbres et de leur donner un aspect presque na\u00eff. C\u2019\u00e9tait aussi un des premiers tableaux o\u00f9 j\u2019exp\u00e9rimentais avec la ligne rouge, mais le plus important pour moi \u00e9tait d\u2019arriver \u00e0 transmettre la lumi\u00e8re contrast\u00e9e de ce matin d\u2019ao\u00fbt 2021, avec ces ombres presque noires, ces troncs surexpos\u00e9s et les reflets qui \u00e9claircissaient le bord du chemin.<\/p>\n<p><strong>Option \u00e9dition 30 exemplaires sign\u00e9s \u00e0 la main \u2013 de CHF 310 \u00e0 570<\/strong><br \/>\nCliquez sur l\u2019onglet\u00a0<em>Demande d\u2019offre<\/em>\u00a0ci-dessous<\/p>\n<p><strong>Option \u0153uvre originale: Acrylique sur toile \/ 2021 \/ 90 x 116 cm : DISPONIBLE \u2013 CHF 4\u2019300.-<\/strong><strong><br \/>\n<\/strong>Cliquez sur l\u2019onglet\u00a0<em>Demande d\u2019offre<\/em>\u00a0ci-dessous<\/p>","protected":false},"excerpt":{"rendered":"<p><strong>Tirage d&rsquo;art qualit\u00e9 mus\u00e9e.<\/strong> Choisissez votre tirage d&rsquo;art parmi les options propos\u00e9es de cette peinture acrylique repr\u00e9sentant une pin\u00e8de sur l&rsquo;\u00ecle d&rsquo;Elbe, pr\u00e8s de la Punta delle Grotte. C&rsquo;est la premi\u00e8re \u0153uvre o\u00f9 j\u2019ai simplifi\u00e9 les formes et os\u00e9 un style plus libre.<\/p>\n<p><strong>Option \u00e9dition 30 exemplaires sign\u00e9s \u00e0 la main \u2013 de CHF 310 \u00e0 570<\/strong><br \/>\nCliquez sur l\u2019onglet\u00a0<em>Demande d\u2019offre<\/em>\u00a0ci-dessous<\/p>\n<p><strong>Option \u0153uvre originale \/ Acrylique sur toile \/ 90 x 116 cm : DISPONIBLE \u2013 CHF 4\u2019300.-<\/strong><br \/>\nCliquez sur l\u2019onglet\u00a0<em>Demande d\u2019offre<\/em>\u00a0ci-dessous<\/p>\n<p>&nbsp;<\/p>\n<p><strong>Commandez votre tirage en \u00e9dition limit\u00e9e:<\/strong><\/p>\n<p>&nbsp;<\/p>","protected":false},"featured_media":31106,"comment_status":"open","ping_status":"closed","template":"","meta":{"iawp_total_views":17},"product_brand":[],"product_cat":[43,33,46],"product_tag":[],"class_list":{"0":"post-31107","1":"product","2":"type-product","3":"status-publish","4":"has-post-thumbnail","6":"product_cat-oeuvres-originales","7":"product_cat-tirages-art-acryliques","8":"product_cat-tous","9":"pa_edition-type-limited-edition-100","10":"pa_edition-type-open-edition","12":"first","13":"instock","14":"taxable","15":"shipping-taxable","16":"purchasable","17":"product-type-variable"},"_links":{"self":[{"href":"https:\/\/enricopestalozziart.ch\/de\/wp-json\/wp\/v2\/product\/31107","targetHints":{"allow":["GET"]}}],"collection":[{"href":"https:\/\/enricopestalozziart.ch\/de\/wp-json\/wp\/v2\/product"}],"about":[{"href":"https:\/\/enricopestalozziart.ch\/de\/wp-json\/wp\/v2\/types\/product"}],"replies":[{"embeddable":true,"href":"https:\/\/enricopestalozziart.ch\/de\/wp-json\/wp\/v2\/comments?post=31107"}],"wp:featuredmedia":[{"embeddable":true,"href":"https:\/\/enricopestalozziart.ch\/de\/wp-json\/wp\/v2\/media\/31106"}],"wp:attachment":[{"href":"https:\/\/enricopestalozziart.ch\/de\/wp-json\/wp\/v2\/media?parent=31107"}],"wp:term":[{"taxonomy":"product_brand","embeddable":true,"href":"https:\/\/enricopestalozziart.ch\/de\/wp-json\/wp\/v2\/product_brand?post=31107"},{"taxonomy":"product_cat","embeddable":true,"href":"https:\/\/enricopestalozziart.ch\/de\/wp-json\/wp\/v2\/product_cat?post=31107"},{"taxonomy":"product_tag","embeddable":true,"href":"https:\/\/enricopestalozziart.ch\/de\/wp-json\/wp\/v2\/product_tag?post=31107"}],"curies":[{"name":"wp","href":"https:\/\/api.w.org\/{rel}","templated":true}]}}