{"id":31103,"date":"2025-05-28T13:58:27","date_gmt":"2025-05-28T11:58:27","guid":{"rendered":"https:\/\/enricopestalozziart.ch\/?post_type=product&#038;p=31103"},"modified":"2025-06-10T10:04:20","modified_gmt":"2025-06-10T08:04:20","slug":"primi-raggi-di-sole","status":"publish","type":"product","link":"https:\/\/enricopestalozziart.ch\/de\/produkt\/primi-raggi-di-sole\/","title":{"rendered":"Primi raggi di sole"},"content":{"rendered":"<p><strong>ENRICO PESTALOZZI, <em>Primi raggi di sole<\/em>, 2023, acrylique sur toile, 100 x 140 cm.<\/strong><\/p>\n<p>Quand le soleil se l\u00e8ve \u00e0 Marciana Marina, sur l&rsquo;\u00eele d&rsquo;Elbe, ses premiers rayons touchent la cime du Monte Capanne. Ils filtrent \u00e0 travers les feuilles des arbustes et inondent le sommet d\u2019une lumi\u00e8re orang\u00e9e, presque irr\u00e9elle. Puis la clart\u00e9 descend lentement, effleure les toits, caresse les fa\u00e7ades et finit par r\u00e9veiller les ruelles encore endormies. C\u2019est comme si la lumi\u00e8re chuchait doucement : \u00ab Coucou, l\u00e8ve-toi, c\u2019est l\u2019heure de boire ton cappuccino sur la terrasse \u00bb.<\/p>\n<p>Ce matin-l\u00e0, en plein mois d\u2019ao\u00fbt, j\u2019ai \u00e9t\u00e9 frapp\u00e9 par cette apparition si simple, mais bouleversante. J\u2019ai voulu la retenir, la traduire, la partager. Les coordonn\u00e9es polaires inscrites au bas du tableau indiquent l\u2019endroit exact o\u00f9 je me tenais quand j\u2019ai vu le coin rouge de cette maison s\u2019illuminer.<\/p>\n<p><strong>Option \u00e9dition 30 exemplaires sign\u00e9s \u00e0 la main \u2013 de CHF 310 \u00e0 570<\/strong><br \/>\nCliquez sur l\u2019onglet\u00a0<em>Demande d\u2019offre<\/em>\u00a0ci-dessous<\/p>\n<p><strong>\u0152uvre originale \/ Acrylique sur toile \/ 100 x 140cm\u00a0:\u00a0DISPONIBLE \u2013 CHF 4\u2019500.-<\/strong><strong><br \/>\n<\/strong>Cliquez sur l\u2019onglet\u00a0<em>Demande d\u2019offre<\/em>\u00a0ci-dessous<\/p>","protected":false},"excerpt":{"rendered":"<p><strong>Tirage d&rsquo;art qualit\u00e9 mus\u00e9e.<\/strong> Choisissez votre tirage d&rsquo;art parmi les options propos\u00e9es de cette peinture acrylique repr\u00e9sentant un matin d\u2019ao\u00fbt \u00e0 Marciana Marina, la lumi\u00e8re effleure le Monte Capanne avant d\u2019embraser les toits et les ruelles. Le coing rouge d\u2019une fa\u00e7ade devient le c\u0153ur vibrant de la sc\u00e8ne.<\/p>\n<p><strong>Option \u00e9dition 30 exemplaires sign\u00e9s \u00e0 la main \u2013 de CHF 310 \u00e0 570<br \/>\n<\/strong>Cliquez sur l\u2019onglet\u00a0<em>Demande d\u2019offre<\/em>\u00a0ci-dessous<\/p>\n<p><strong>Option \u0153uvre originale: 2023 \/ Acrylique sur toile \/ 100 x 140 cm : DISPONIBLE \u2013 CHF 4\u2019500.-<br \/>\n<\/strong>Cliquez sur l\u2019onglet\u00a0<em>Demande d\u2019offre<\/em>\u00a0ci-dessous<\/p>\n<p>&nbsp;<\/p>\n<p><strong>Choisissez votre tirage d&rsquo;art qualit\u00e9 mus\u00e9e\u00a0<\/strong><\/p>","protected":false},"featured_media":31102,"comment_status":"open","ping_status":"closed","template":"","meta":{"iawp_total_views":14},"product_brand":[],"product_cat":[43,33,46],"product_tag":[],"class_list":{"0":"post-31103","1":"product","2":"type-product","3":"status-publish","4":"has-post-thumbnail","6":"product_cat-oeuvres-originales","7":"product_cat-tirages-art-acryliques","8":"product_cat-tous","9":"pa_edition-type-limited-edition-100","10":"pa_edition-type-open-edition","12":"first","13":"instock","14":"taxable","15":"shipping-taxable","16":"purchasable","17":"product-type-variable"},"_links":{"self":[{"href":"https:\/\/enricopestalozziart.ch\/de\/wp-json\/wp\/v2\/product\/31103","targetHints":{"allow":["GET"]}}],"collection":[{"href":"https:\/\/enricopestalozziart.ch\/de\/wp-json\/wp\/v2\/product"}],"about":[{"href":"https:\/\/enricopestalozziart.ch\/de\/wp-json\/wp\/v2\/types\/product"}],"replies":[{"embeddable":true,"href":"https:\/\/enricopestalozziart.ch\/de\/wp-json\/wp\/v2\/comments?post=31103"}],"wp:featuredmedia":[{"embeddable":true,"href":"https:\/\/enricopestalozziart.ch\/de\/wp-json\/wp\/v2\/media\/31102"}],"wp:attachment":[{"href":"https:\/\/enricopestalozziart.ch\/de\/wp-json\/wp\/v2\/media?parent=31103"}],"wp:term":[{"taxonomy":"product_brand","embeddable":true,"href":"https:\/\/enricopestalozziart.ch\/de\/wp-json\/wp\/v2\/product_brand?post=31103"},{"taxonomy":"product_cat","embeddable":true,"href":"https:\/\/enricopestalozziart.ch\/de\/wp-json\/wp\/v2\/product_cat?post=31103"},{"taxonomy":"product_tag","embeddable":true,"href":"https:\/\/enricopestalozziart.ch\/de\/wp-json\/wp\/v2\/product_tag?post=31103"}],"curies":[{"name":"wp","href":"https:\/\/api.w.org\/{rel}","templated":true}]}}