{"id":32109,"date":"2025-08-05T10:14:01","date_gmt":"2025-08-05T08:14:01","guid":{"rendered":"https:\/\/enricopestalozziart.ch\/?page_id=32109"},"modified":"2025-08-18T09:50:06","modified_gmt":"2025-08-18T07:50:06","slug":"events","status":"publish","type":"page","link":"https:\/\/enricopestalozziart.ch\/de\/events\/","title":{"rendered":"Enrico Pestalozzi Events"},"content":{"rendered":"\t\t<div data-elementor-type=\"wp-page\" data-elementor-id=\"32109\" class=\"elementor elementor-32109\" data-elementor-post-type=\"page\">\n\t\t\t\t<div class=\"elementor-element elementor-element-771dd1e e-flex e-con-boxed e-con e-parent\" data-id=\"771dd1e\" data-element_type=\"container\" data-e-type=\"container\" data-settings=\"{&quot;position&quot;:&quot;absolute&quot;}\">\n\t\t\t\t\t<div class=\"e-con-inner\">\n\t\t\t\t<div class=\"elementor-element elementor-element-f617f38 elementor-widget elementor-widget-heading\" data-id=\"f617f38\" data-element_type=\"widget\" data-e-type=\"widget\" data-widget_type=\"heading.default\">\n\t\t\t\t<div class=\"elementor-widget-container\">\n\t\t\t\t\t<h1 class=\"elementor-heading-title elementor-size-default\">LUCI D'ITALIA<\/h1>\t\t\t\t<\/div>\n\t\t\t\t<\/div>\n\t\t\t\t<div class=\"elementor-element elementor-element-7f93afb elementor-widget__width-initial elementor-widget elementor-widget-text-editor\" data-id=\"7f93afb\" data-element_type=\"widget\" data-e-type=\"widget\" data-widget_type=\"text-editor.default\">\n\t\t\t\t<div class=\"elementor-widget-container\">\n\t\t\t\t\t\t\t\t\t<p class=\"p1\">Ein visuell-musikalisches Event von Enrico Pestalozzi, das alle Sinne anspricht. Einf\u00fchrung von Heribert Maier: Baukunst mit Seele. Ap\u00e9ro riche.<\/p><p class=\"p1\">Un \u00e9v\u00e9nement visuel et musical d\u2019Enrico Pestalozzi, qui stimule tous les sens. Introduction de Heribert Maier : L\u2019art de b\u00e2tir avec \u00e2me. Ap\u00e9ritif d\u00eenatoire.<\/p>\t\t\t\t\t\t\t\t<\/div>\n\t\t\t\t<\/div>\n\t\t\t\t\t<\/div>\n\t\t\t\t<\/div>\n\t\t<div class=\"elementor-element elementor-element-4ced7e8 e-con-full e-flex e-con e-parent\" data-id=\"4ced7e8\" data-element_type=\"container\" data-e-type=\"container\" data-settings=\"{&quot;background_background&quot;:&quot;classic&quot;}\">\n\t\t\t\t<div class=\"elementor-element elementor-element-2f176ec elementor-hidden-mobile elementor-widget elementor-widget-image\" data-id=\"2f176ec\" data-element_type=\"widget\" data-e-type=\"widget\" data-widget_type=\"image.default\">\n\t\t\t\t<div class=\"elementor-widget-container\">\n\t\t\t\t\t\t\t\t\t\t\t\t\t\t\t<img fetchpriority=\"high\" decoding=\"async\" width=\"800\" height=\"478\" src=\"https:\/\/enricopestalozziart.ch\/wp-content\/uploads\/2025\/08\/luci-d-italia-e1754393705271-1024x612.jpg\" class=\"attachment-large size-large wp-image-32115\" alt=\"Vue de l\u2019exposition-concert Luci d\u2019Italia d\u2019Enrico Pestalozzi chez M\u00e4der &amp; Partner \u00e0 Otelfingen\" srcset=\"https:\/\/enricopestalozziart.ch\/wp-content\/uploads\/2025\/08\/luci-d-italia-e1754393705271-1024x612.jpg 1024w, https:\/\/enricopestalozziart.ch\/wp-content\/uploads\/2025\/08\/luci-d-italia-e1754393705271-300x179.jpg 300w, https:\/\/enricopestalozziart.ch\/wp-content\/uploads\/2025\/08\/luci-d-italia-e1754393705271-768x459.jpg 768w, https:\/\/enricopestalozziart.ch\/wp-content\/uploads\/2025\/08\/luci-d-italia-e1754393705271-1536x919.jpg 1536w, https:\/\/enricopestalozziart.ch\/wp-content\/uploads\/2025\/08\/luci-d-italia-e1754393705271-18x12.jpg 18w, https:\/\/enricopestalozziart.ch\/wp-content\/uploads\/2025\/08\/luci-d-italia-e1754393705271-600x359.jpg 600w, https:\/\/enricopestalozziart.ch\/wp-content\/uploads\/2025\/08\/luci-d-italia-e1754393705271.jpg 1856w\" sizes=\"(max-width: 800px) 100vw, 800px\" \/>\t\t\t\t\t\t\t\t\t\t\t\t\t\t\t<\/div>\n\t\t\t\t<\/div>\n\t\t\t\t<div class=\"elementor-element elementor-element-4d07948 elementor-hidden-desktop elementor-hidden-tablet elementor-widget elementor-widget-image\" data-id=\"4d07948\" data-element_type=\"widget\" data-e-type=\"widget\" data-widget_type=\"image.default\">\n\t\t\t\t<div class=\"elementor-widget-container\">\n\t\t\t\t\t\t\t\t\t\t\t\t\t\t\t<img decoding=\"async\" width=\"742\" height=\"1024\" src=\"https:\/\/enricopestalozziart.ch\/wp-content\/uploads\/2025\/08\/enrico-pestalozzi-luci-d-italia-1-742x1024.jpg\" class=\"attachment-large size-large wp-image-32228\" alt=\"Exposition et concert Luci d&#039;Italia de Enrico Pestalozzi chez Maeder und Partner Architekturstudios \u00e0 Otelfingen\" srcset=\"https:\/\/enricopestalozziart.ch\/wp-content\/uploads\/2025\/08\/enrico-pestalozzi-luci-d-italia-1-742x1024.jpg 742w, https:\/\/enricopestalozziart.ch\/wp-content\/uploads\/2025\/08\/enrico-pestalozzi-luci-d-italia-1-217x300.jpg 217w, https:\/\/enricopestalozziart.ch\/wp-content\/uploads\/2025\/08\/enrico-pestalozzi-luci-d-italia-1-768x1061.jpg 768w, https:\/\/enricopestalozziart.ch\/wp-content\/uploads\/2025\/08\/enrico-pestalozzi-luci-d-italia-1-9x12.jpg 9w, https:\/\/enricopestalozziart.ch\/wp-content\/uploads\/2025\/08\/enrico-pestalozzi-luci-d-italia-1-600x829.jpg 600w, https:\/\/enricopestalozziart.ch\/wp-content\/uploads\/2025\/08\/enrico-pestalozzi-luci-d-italia-1.jpg 1024w\" sizes=\"(max-width: 742px) 100vw, 742px\" \/>\t\t\t\t\t\t\t\t\t\t\t\t\t\t\t<\/div>\n\t\t\t\t<\/div>\n\t\t\t\t<\/div>\n\t\t<div class=\"elementor-element elementor-element-fe223a9 e-flex e-con-boxed e-con e-parent\" data-id=\"fe223a9\" data-element_type=\"container\" data-e-type=\"container\">\n\t\t\t\t\t<div class=\"e-con-inner\">\n\t\t<div class=\"elementor-element elementor-element-093acce e-con-full e-flex e-con e-child\" data-id=\"093acce\" data-element_type=\"container\" data-e-type=\"container\">\n\t\t\t\t<div class=\"elementor-element elementor-element-9159706 elementor-widget__width-initial elementor-widget elementor-widget-heading\" data-id=\"9159706\" data-element_type=\"widget\" data-e-type=\"widget\" data-widget_type=\"heading.default\">\n\t\t\t\t<div class=\"elementor-widget-container\">\n\t\t\t\t\t<h2 class=\"elementor-heading-title elementor-size-default\">Donnerstag 18. September<br>ab 18:00 Uhr<\/h2>\t\t\t\t<\/div>\n\t\t\t\t<\/div>\n\t\t\t\t<div class=\"elementor-element elementor-element-09ab4a7 elementor-widget elementor-widget-text-editor\" data-id=\"09ab4a7\" data-element_type=\"widget\" data-e-type=\"widget\" data-widget_type=\"text-editor.default\">\n\t\t\t\t<div class=\"elementor-widget-container\">\n\t\t\t\t\t\t\t\t\t<p class=\"p1\"><strong>Industriestrasse 19, 8<span style=\"font-size: 13.3333px;\">.<\/span> Stock,<\/strong><br \/><strong>8112 Otelfingen<\/strong><\/p><article class=\"text-token-text-primary w-full focus:outline-none scroll-mt-[calc(var(--header-height)+min(200px,max(70px,20svh)))]\" dir=\"auto\" tabindex=\"-1\" data-testid=\"conversation-turn-108\" data-scroll-anchor=\"true\" data-turn=\"assistant\"><div class=\"text-base my-auto mx-auto pb-10 [--thread-content-margin:--spacing(4)] @[37rem]:[--thread-content-margin:--spacing(6)] @[72rem]:[--thread-content-margin:--spacing(16)] px-(--thread-content-margin)\"><div class=\"[--thread-content-max-width:32rem] @[34rem]:[--thread-content-max-width:40rem] @[64rem]:[--thread-content-max-width:48rem] mx-auto max-w-(--thread-content-max-width) flex-1 group\/turn-messages focus-visible:outline-hidden relative flex w-full min-w-0 flex-col agent-turn\" tabindex=\"-1\"><div class=\"flex max-w-full flex-col grow\"><div class=\"min-h-8 text-message relative flex w-full flex-col items-end gap-2 text-start break-words whitespace-normal [.text-message+&amp;]:mt-5\" dir=\"auto\" data-message-author-role=\"assistant\" data-message-id=\"cd7d0b38-df61-4ac5-b133-4b5557d10f62\" data-message-model-slug=\"gpt-4o\"><div class=\"flex w-full flex-col gap-1 empty:hidden first:pt-[3px]\"><div class=\"markdown prose dark:prose-invert w-full break-words light markdown-new-styling\"><p data-start=\"49\" data-end=\"366\">( Fran\u00e7ais \u2193)<\/p><p data-start=\"49\" data-end=\"366\"><strong>M\u00e4der &amp; Partner Architekturstudios AG<\/strong><\/p><p class=\"p1\"><strong>laden Sie herzlichst ein, in ihren R\u00e4umen die Bildserie Luci d\u2019 Italia<span class=\"Apple-converted-space\">\u00a0 <\/span>des Schweizer Malers Enrico Pestalozzi zu entdecken. Werke, welche mit der gleichen Intensit\u00e4t die Seele des Lichts einfangen, wie M\u00e4der &amp; Partner <\/strong><strong>die Seele der Baukunst.<\/strong><\/p><p data-start=\"368\" data-end=\"381\"><strong data-start=\"368\" data-end=\"381\">Programm:<\/strong><\/p><p data-start=\"383\" data-end=\"524\"><strong data-start=\"383\" data-end=\"400\">18:00 \u2013 18:45<\/strong><br data-start=\"400\" data-end=\"403\" \/>Empfang, kurze Vorstellung des Architekturb\u00fcros M\u00e4der &amp; Partner und Einf\u00fchrung durch Heribert Maier: <strong><em>Baukunst mit Seele<\/em><\/strong><\/p><p data-start=\"526\" data-end=\"673\"><strong data-start=\"526\" data-end=\"543\">18:45 \u2013 19:30<\/strong><br data-start=\"543\" data-end=\"546\" \/>Visuelles und musikalisches Event von Enrico Pestalozzi, das alle Sinne anspricht: Ausstellung <strong><em data-start=\"641\" data-end=\"656\">Luci d\u2019Italia<\/em><\/strong> und Ap\u00e9ro riche.<\/p><p data-start=\"675\" data-end=\"882\"><strong data-start=\"675\" data-end=\"692\">19:30 \u2013 20:00<\/strong><br data-start=\"692\" data-end=\"695\" \/>Musikalisches Intermezzo. Enrico Pestalozzi pr\u00e4sentiert seine letzten Kompositionen unter dem Titel <strong><em data-start=\"867\" data-end=\"881\">Take it easy<\/em>.<\/strong><\/p><p data-start=\"884\" data-end=\"946\"><strong data-start=\"884\" data-end=\"901\">20:00 \u2013 21:00<\/strong><br data-start=\"901\" data-end=\"904\" \/><strong>Fortsetzung und Abschluss der Ausstellung.<\/strong><\/p><p><span style=\"color: #c62828;\"><strong>Eintritt frei \u2013 Anmeldung erforderlich \u2013 Formular unten<\/strong><\/span><\/p><\/div><\/div><\/div><\/div><\/div><\/div><\/article>\t\t\t\t\t\t\t\t<\/div>\n\t\t\t\t<\/div>\n\t\t\t\t<\/div>\n\t\t<div class=\"elementor-element elementor-element-b4cc348 e-con-full e-flex e-con e-child\" data-id=\"b4cc348\" data-element_type=\"container\" data-e-type=\"container\">\n\t\t\t\t<div class=\"elementor-element elementor-element-d1dbcdf elementor-widget__width-initial elementor-widget elementor-widget-heading\" data-id=\"d1dbcdf\" data-element_type=\"widget\" data-e-type=\"widget\" data-widget_type=\"heading.default\">\n\t\t\t\t<div class=\"elementor-widget-container\">\n\t\t\t\t\t<h2 class=\"elementor-heading-title elementor-size-default\">Jeudi 18 septembre<br>d\u00e8s 18h00\n<\/h2>\t\t\t\t<\/div>\n\t\t\t\t<\/div>\n\t\t\t\t<div class=\"elementor-element elementor-element-8450a27 elementor-widget elementor-widget-text-editor\" data-id=\"8450a27\" data-element_type=\"widget\" data-e-type=\"widget\" data-widget_type=\"text-editor.default\">\n\t\t\t\t<div class=\"elementor-widget-container\">\n\t\t\t\t\t\t\t\t\t<p><strong>Industriestrasse 19, 8<sup>e<\/sup> \u00e9tage,<\/strong><br \/><strong>8112 Otelfingen<\/strong><\/p><p>( Deutsch \u2191)<\/p><p><strong>Les studios d\u2019architecture M\u00e4der &amp; Partner AG<\/strong><\/p><p><strong>vous invitent chaleureusement \u00e0 d\u00e9couvrir, dans leurs locaux, la s\u00e9rie de peintures <em>Luci d\u2019Italia<\/em> du peintre suisse Enrico Pestalozzi. Des \u0153uvres qui captent l\u2019\u00e2me de la lumi\u00e8re avec la m\u00eame intensit\u00e9 que M\u00e4der &amp; Partner saisissent l\u2019\u00e2me dans leur architecture.<\/strong><\/p><p><strong>Programme:<\/strong><\/p><p><strong>18h00 \u2013 18h45:<\/strong><br \/>Accueil, br\u00e8ve pr\u00e9sentation des studios d&rsquo;architecture M\u00e4der &amp; Partner et introduction de Heribert Maier <em><strong>L&rsquo;art de b\u00e2tir avec \u00e2me<\/strong><\/em>.<\/p><p><strong>18h45 \u2013 19h30:<\/strong><br \/>Event visuel et musical de Enrico Pestalozzi qui stimule tous les sens: Exposition <strong><em>Luci d&rsquo;Italia<\/em><\/strong> et ap\u00e9ritif d\u00eenatoire.<\/p><p><strong>19h30 \u2013 20h00:<\/strong><br \/>Interm\u00e8de musical. Enrico Pestalozzi pr\u00e9sente ses derni\u00e8res compositions sous le th\u00e8me <em><strong>Take it easy<\/strong><\/em>.<\/p><p><strong>20h00 \u201321h00<\/strong><br \/><strong>Suite et fin de l&rsquo;exposition<\/strong><\/p><p><span style=\"color: #c62828;\"><strong>Entr\u00e9e libre \u2013 Inscription\u00a0 requise \u2013\u00a0 Formulaire <\/strong><\/span><span style=\"color: #c62828;\"><strong>ci-dessous<\/strong><\/span><\/p>\t\t\t\t\t\t\t\t<\/div>\n\t\t\t\t<\/div>\n\t\t\t\t<\/div>\n\t\t\t\t\t<\/div>\n\t\t\t\t<\/div>\n\t\t<div class=\"elementor-element elementor-element-4f666eb e-flex e-con-boxed e-con e-parent\" data-id=\"4f666eb\" data-element_type=\"container\" data-e-type=\"container\" data-settings=\"{&quot;background_background&quot;:&quot;classic&quot;}\">\n\t\t\t\t\t<div class=\"e-con-inner\">\n\t\t\t\t<div class=\"elementor-element elementor-element-f38ec86 elementor-widget elementor-widget-heading\" data-id=\"f38ec86\" data-element_type=\"widget\" data-e-type=\"widget\" data-widget_type=\"heading.default\">\n\t\t\t\t<div class=\"elementor-widget-container\">\n\t\t\t\t\t<h2 class=\"elementor-heading-title elementor-size-default\">Anmeldung \/ Inscription <\/h2>\t\t\t\t<\/div>\n\t\t\t\t<\/div>\n\t\t\t\t\t<\/div>\n\t\t\t\t<\/div>\n\t\t<div class=\"elementor-element elementor-element-3509cb4 e-flex e-con-boxed e-con e-parent\" data-id=\"3509cb4\" data-element_type=\"container\" data-e-type=\"container\" data-settings=\"{&quot;background_background&quot;:&quot;classic&quot;}\">\n\t\t\t\t\t<div class=\"e-con-inner\">\n\t\t\t\t<div class=\"elementor-element elementor-element-4628a7c elementor-button-align-stretch elementor-widget elementor-widget-form\" data-id=\"4628a7c\" data-element_type=\"widget\" data-e-type=\"widget\" data-settings=\"{&quot;step_next_label&quot;:&quot;Suivant&quot;,&quot;step_previous_label&quot;:&quot;Pr\\u00e9c\\u00e9dent&quot;,&quot;button_width&quot;:&quot;100&quot;,&quot;step_type&quot;:&quot;number_text&quot;,&quot;step_icon_shape&quot;:&quot;circle&quot;}\" data-widget_type=\"form.default\">\n\t\t\t\t<div class=\"elementor-widget-container\">\n\t\t\t\t\t\t\t<form class=\"elementor-form\" method=\"post\" id=\"form_events\" name=\"Nouveau formulaire\" aria-label=\"Nouveau formulaire\">\n\t\t\t<input type=\"hidden\" name=\"post_id\" value=\"32109\"\/>\n\t\t\t<input type=\"hidden\" name=\"form_id\" value=\"4628a7c\"\/>\n\t\t\t<input type=\"hidden\" name=\"referer_title\" value=\"Enrico Pestalozzi Events - Enrico Pestalozzi Art\" \/>\n\n\t\t\t\t\t\t\t<input type=\"hidden\" name=\"queried_id\" value=\"32109\"\/>\n\t\t\t\n\t\t\t<div class=\"elementor-form-fields-wrapper elementor-labels-above\">\n\t\t\t\t\t\t\t\t<div class=\"elementor-field-type-text elementor-field-group elementor-column elementor-field-group-name elementor-col-100 elementor-field-required elementor-mark-required\">\n\t\t\t\t\t\t\t\t\t\t\t\t<label for=\"form-field-name\" class=\"elementor-field-label\">\n\t\t\t\t\t\t\t\tVollst\u00e4ndiger Name \/ Nom complet\t\t\t\t\t\t\t<\/label>\n\t\t\t\t\t\t\t\t\t\t\t\t\t\t<input size=\"1\" type=\"text\" name=\"form_fields[name]\" id=\"form-field-name\" class=\"elementor-field elementor-size-sm  elementor-field-textual\" required=\"required\">\n\t\t\t\t\t\t\t\t\t\t\t<\/div>\n\t\t\t\t\t\t\t\t<div class=\"elementor-field-type-email elementor-field-group elementor-column elementor-field-group-email elementor-col-100 elementor-field-required elementor-mark-required\">\n\t\t\t\t\t\t\t\t\t\t\t\t<label for=\"form-field-email\" class=\"elementor-field-label\">\n\t\t\t\t\t\t\t\tE-Mail Adresse \/ Adresse e-mail\t\t\t\t\t\t\t<\/label>\n\t\t\t\t\t\t\t\t\t\t\t\t\t\t<input size=\"1\" type=\"email\" name=\"form_fields[email]\" id=\"form-field-email\" class=\"elementor-field elementor-size-sm  elementor-field-textual\" required=\"required\">\n\t\t\t\t\t\t\t\t\t\t\t<\/div>\n\t\t\t\t\t\t\t\t<div class=\"elementor-field-type-select elementor-field-group elementor-column elementor-field-group-field_62a02da elementor-col-100 elementor-field-required elementor-mark-required\">\n\t\t\t\t\t\t\t\t\t\t\t\t<label for=\"form-field-field_62a02da\" class=\"elementor-field-label\">\n\t\t\t\t\t\t\t\tAnzahl Personen \/ Nombre de personnes (total)\t\t\t\t\t\t\t<\/label>\n\t\t\t\t\t\t\t\t<div class=\"elementor-field elementor-select-wrapper remove-before \">\n\t\t\t<div class=\"select-caret-down-wrapper\">\n\t\t\t\t<svg aria-hidden=\"true\" class=\"e-font-icon-svg e-eicon-caret-down\" viewBox=\"0 0 571.4 571.4\" xmlns=\"http:\/\/www.w3.org\/2000\/svg\"><path d=\"M571 393Q571 407 561 418L311 668Q300 679 286 679T261 668L11 418Q0 407 0 393T11 368 36 357H536Q550 357 561 368T571 393Z\"><\/path><\/svg>\t\t\t<\/div>\n\t\t\t<select name=\"form_fields[field_62a02da]\" id=\"form-field-field_62a02da\" class=\"elementor-field-textual elementor-size-sm\" required=\"required\">\n\t\t\t\t\t\t\t\t\t<option value=\"1\">1<\/option>\n\t\t\t\t\t\t\t\t\t<option value=\"2\">2<\/option>\n\t\t\t\t\t\t\t\t\t<option value=\"3\">3<\/option>\n\t\t\t\t\t\t\t\t\t<option value=\"4\">4<\/option>\n\t\t\t\t\t\t\t\t\t<option value=\"5\">5<\/option>\n\t\t\t\t\t\t\t\t\t<option value=\"6\">6<\/option>\n\t\t\t\t\t\t\t\t\t<option value=\"7\">7<\/option>\n\t\t\t\t\t\t\t\t\t<option value=\"8\">8<\/option>\n\t\t\t\t\t\t\t\t\t<option value=\"9\">9<\/option>\n\t\t\t\t\t\t\t\t\t<option value=\"10\">10<\/option>\n\t\t\t\t\t\t\t<\/select>\n\t\t<\/div>\n\t\t\t\t\t\t<\/div>\n\t\t\t\t\t\t\t\t<div class=\"elementor-field-type-textarea elementor-field-group elementor-column elementor-field-group-message elementor-col-100\">\n\t\t\t\t\t\t\t\t\t\t\t\t<label for=\"form-field-message\" class=\"elementor-field-label\">\n\t\t\t\t\t\t\t\tBemerkungen (Optional) \/ Remarques (factultatif)\t\t\t\t\t\t\t<\/label>\n\t\t\t\t\t\t<textarea class=\"elementor-field-textual elementor-field  elementor-size-sm\" name=\"form_fields[message]\" id=\"form-field-message\" rows=\"4\"><\/textarea>\t\t\t\t<\/div>\n\t\t\t\t\t\t\t\t<div class=\"elementor-field-type-checkbox elementor-field-group elementor-column elementor-field-group-field_4f7ee0c elementor-col-100\">\n\t\t\t\t\t\t\t\t\t\t\t\t<label for=\"form-field-field_4f7ee0c\" class=\"elementor-field-label\">\n\t\t\t\t\t\t\t\tDatenschutz-Hinweis \/ Consentement RGPD\t\t\t\t\t\t\t<\/label>\n\t\t\t\t\t\t<div class=\"elementor-field-subgroup  \"><span class=\"elementor-field-option\"><input type=\"checkbox\" value=\"Ich bin einverstanden, dass meine Daten an M\u00e4der &amp; Partner AG und Enrico Pestalozzi zur Bearbeitung meiner Anmeldung zu dieser Veranstaltung weitergeleitet werden. \/ J\u2019accepte que mes donn\u00e9es soient transmises \u00e0 M\u00e4der &amp; Partner AG et \u00e0 Enrico Pestalozzi dans le but de g\u00e9rer mon inscription \u00e0 cet \u00e9v\u00e9nement.\" id=\"form-field-field_4f7ee0c-0\" name=\"form_fields[field_4f7ee0c]\"> <label for=\"form-field-field_4f7ee0c-0\">Ich bin einverstanden, dass meine Daten an M\u00e4der & Partner AG und Enrico Pestalozzi zur Bearbeitung meiner Anmeldung zu dieser Veranstaltung weitergeleitet werden. \/ J\u2019accepte que mes donn\u00e9es soient transmises \u00e0 M\u00e4der & Partner AG et \u00e0 Enrico Pestalozzi dans le but de g\u00e9rer mon inscription \u00e0 cet \u00e9v\u00e9nement.<\/label><\/span><\/div>\t\t\t\t<\/div>\n\t\t\t\t\t\t\t\t<div class=\"elementor-field-type-recaptcha_v3 elementor-field-group elementor-column elementor-field-group-field_14e02b0 elementor-col-100 recaptcha_v3-bottomright\">\n\t\t\t\t\t<div class=\"elementor-field\" id=\"form-field-field_14e02b0\"><div class=\"elementor-g-recaptcha\" data-sitekey=\"6Ld7A6QrAAAAAIluvNWpOpkQht9TrpCMNgI_Fji2\" data-type=\"v3\" data-action=\"Form\" data-badge=\"bottomright\" data-size=\"invisible\"><\/div><\/div>\t\t\t\t<\/div>\n\t\t\t\t\t\t\t\t<div class=\"elementor-field-group elementor-column elementor-field-type-submit elementor-col-100 e-form__buttons\">\n\t\t\t\t\t<button class=\"elementor-button elementor-size-sm\" type=\"submit\">\n\t\t\t\t\t\t<span class=\"elementor-button-content-wrapper\">\n\t\t\t\t\t\t\t\t\t\t\t\t\t\t\t\t\t\t\t\t\t\t<span class=\"elementor-button-text\">Senden \/ Envoyer<\/span>\n\t\t\t\t\t\t\t\t\t\t\t\t\t<\/span>\n\t\t\t\t\t<\/button>\n\t\t\t\t<\/div>\n\t\t\t<\/div>\n\t\t<\/form>\n\t\t\t\t\t\t<\/div>\n\t\t\t\t<\/div>\n\t\t\t\t\t<\/div>\n\t\t\t\t<\/div>\n\t\t<div class=\"elementor-element elementor-element-613d745 e-flex e-con-boxed e-con e-parent\" data-id=\"613d745\" data-element_type=\"container\" data-e-type=\"container\" data-settings=\"{&quot;background_background&quot;:&quot;classic&quot;}\">\n\t\t\t\t\t<div class=\"e-con-inner\">\n\t\t\t\t<div class=\"elementor-element elementor-element-5174b46 elementor-widget elementor-widget-spacer\" data-id=\"5174b46\" data-element_type=\"widget\" data-e-type=\"widget\" data-widget_type=\"spacer.default\">\n\t\t\t\t<div class=\"elementor-widget-container\">\n\t\t\t\t\t\t\t<div class=\"elementor-spacer\">\n\t\t\t<div class=\"elementor-spacer-inner\"><\/div>\n\t\t<\/div>\n\t\t\t\t\t\t<\/div>\n\t\t\t\t<\/div>\n\t\t\t\t\t<\/div>\n\t\t\t\t<\/div>\n\t\t\t\t<\/div>\n\t\t","protected":false},"excerpt":{"rendered":"<p>LUCI D&rsquo;ITALIA Ein visuell-musikalisches Event von Enrico Pestalozzi, das alle Sinne anspricht. Einf\u00fchrung von Heribert Maier: Baukunst mit Seele. Ap\u00e9ro riche. Un \u00e9v\u00e9nement visuel et musical d\u2019Enrico Pestalozzi, qui stimule tous les sens. Introduction de Heribert Maier : L\u2019art de b\u00e2tir avec \u00e2me. Ap\u00e9ritif d\u00eenatoire. Donnerstag 18. Septemberab 18:00 Uhr Industriestrasse 19, 8. Stock,8112 Otelfingen [&hellip;]<\/p>\n","protected":false},"author":1,"featured_media":0,"parent":0,"menu_order":0,"comment_status":"closed","ping_status":"closed","template":"elementor_canvas","meta":{"iawp_total_views":584,"footnotes":""},"class_list":["post-32109","page","type-page","status-publish","hentry"],"_links":{"self":[{"href":"https:\/\/enricopestalozziart.ch\/de\/wp-json\/wp\/v2\/pages\/32109","targetHints":{"allow":["GET"]}}],"collection":[{"href":"https:\/\/enricopestalozziart.ch\/de\/wp-json\/wp\/v2\/pages"}],"about":[{"href":"https:\/\/enricopestalozziart.ch\/de\/wp-json\/wp\/v2\/types\/page"}],"author":[{"embeddable":true,"href":"https:\/\/enricopestalozziart.ch\/de\/wp-json\/wp\/v2\/users\/1"}],"replies":[{"embeddable":true,"href":"https:\/\/enricopestalozziart.ch\/de\/wp-json\/wp\/v2\/comments?post=32109"}],"version-history":[{"count":5,"href":"https:\/\/enricopestalozziart.ch\/de\/wp-json\/wp\/v2\/pages\/32109\/revisions"}],"predecessor-version":[{"id":32383,"href":"https:\/\/enricopestalozziart.ch\/de\/wp-json\/wp\/v2\/pages\/32109\/revisions\/32383"}],"wp:attachment":[{"href":"https:\/\/enricopestalozziart.ch\/de\/wp-json\/wp\/v2\/media?parent=32109"}],"curies":[{"name":"wp","href":"https:\/\/api.w.org\/{rel}","templated":true}]}}