{"id":30036,"date":"2025-05-09T17:14:46","date_gmt":"2025-05-09T15:14:46","guid":{"rendered":"https:\/\/enricopestalozziart.ch\/?page_id=30036"},"modified":"2025-05-13T18:39:54","modified_gmt":"2025-05-13T16:39:54","slug":"formulaire-offre","status":"publish","type":"page","link":"https:\/\/enricopestalozziart.ch\/de\/formulaire-offre\/","title":{"rendered":"Formulaire Offre"},"content":{"rendered":"\t\t<div data-elementor-type=\"wp-page\" data-elementor-id=\"30036\" class=\"elementor elementor-30036\" data-elementor-post-type=\"page\">\n\t\t\t\t<div class=\"elementor-element elementor-element-7cb1169 e-flex e-con-boxed e-con e-parent\" data-id=\"7cb1169\" data-element_type=\"container\" data-e-type=\"container\" data-settings=\"{&quot;background_background&quot;:&quot;classic&quot;}\">\n\t\t\t\t\t<div class=\"e-con-inner\">\n\t\t\t\t<div class=\"elementor-element elementor-element-1b2611d elementor-widget elementor-widget-image\" data-id=\"1b2611d\" data-element_type=\"widget\" data-e-type=\"widget\" data-widget_type=\"image.default\">\n\t\t\t\t<div class=\"elementor-widget-container\">\n\t\t\t\t\t\t\t\t\t\t\t\t\t\t\t<img decoding=\"async\" src=\"https:\/\/enricopestalozziart.ch\/wp-content\/uploads\/2025\/05\/pineta-delle-grotte.jpg\" title=\"pineta-delle-grotte\" alt=\"pineta-delle-grotte\" loading=\"lazy\" \/>\t\t\t\t\t\t\t\t\t\t\t\t\t\t\t<\/div>\n\t\t\t\t<\/div>\n\t\t\t\t\t<\/div>\n\t\t\t\t<\/div>\n\t\t<div class=\"elementor-element elementor-element-8cecbcf e-flex e-con-boxed e-con e-parent\" data-id=\"8cecbcf\" data-element_type=\"container\" data-e-type=\"container\">\n\t\t\t\t\t<div class=\"e-con-inner\">\n\t\t\t\t<div class=\"elementor-element elementor-element-6f509a04 elementor-widget__width-initial elementor-widget elementor-widget-heading\" data-id=\"6f509a04\" data-element_type=\"widget\" data-e-type=\"widget\" data-widget_type=\"heading.default\">\n\t\t\t\t<div class=\"elementor-widget-container\">\n\t\t\t\t\t<h2 class=\"elementor-heading-title elementor-size-default\">Demande d'offre<\/h2>\t\t\t\t<\/div>\n\t\t\t\t<\/div>\n\t\t\t\t<div class=\"elementor-element elementor-element-2ec13dbe elementor-widget elementor-widget-text-editor\" data-id=\"2ec13dbe\" data-element_type=\"widget\" data-e-type=\"widget\" data-widget_type=\"text-editor.default\">\n\t\t\t\t<div class=\"elementor-widget-container\">\n\t\t\t\t\t\t\t\t\t<p class=\"\" data-start=\"51\" data-end=\"227\">Remplissez ce formulaire pour recevoir une offre personnalis\u00e9e pour:<\/p><p class=\"\" data-start=\"51\" data-end=\"227\"><strong>\u2022 Une \u0153uvre originale<\/strong><\/p><p class=\"\" data-start=\"51\" data-end=\"227\">ou<\/p><p class=\"\" data-start=\"51\" data-end=\"227\"><strong>\u2022 Un tirage d\u2019art en \u00e9dition limit\u00e9e \u00e0 30 exemplaires<\/strong>, sign\u00e9 \u00e0 la main par l\u2019artiste.<\/p><p class=\"\" data-start=\"234\" data-end=\"339\">Je vous r\u00e9pondrai dans un ou deux jours ouvrables. En cas de question, je vous contacterai par e-mail.<\/p>\t\t\t\t\t\t\t\t<\/div>\n\t\t\t\t<\/div>\n\t\t\t\t<div class=\"elementor-element elementor-element-18d2f24b elementor-button-align-stretch elementor-widget elementor-widget-form\" data-id=\"18d2f24b\" data-element_type=\"widget\" data-e-type=\"widget\" data-settings=\"{&quot;step_next_label&quot;:&quot;Suivant&quot;,&quot;step_previous_label&quot;:&quot;Pr\\u00e9c\\u00e9dent&quot;,&quot;step_type&quot;:&quot;number_text&quot;,&quot;step_icon_shape&quot;:&quot;circle&quot;}\" data-widget_type=\"form.default\">\n\t\t\t\t<div class=\"elementor-widget-container\">\n\t\t\t\t\t\t\t<form class=\"elementor-form\" method=\"post\" name=\"Demande d&#039;offre\" aria-label=\"Demande d&#039;offre\">\n\t\t\t<input type=\"hidden\" name=\"post_id\" value=\"30036\"\/>\n\t\t\t<input type=\"hidden\" name=\"form_id\" value=\"18d2f24b\"\/>\n\t\t\t<input type=\"hidden\" name=\"referer_title\" value=\"Formulaire Offre - Enrico Pestalozzi Art\" \/>\n\n\t\t\t\t\t\t\t<input type=\"hidden\" name=\"queried_id\" value=\"30036\"\/>\n\t\t\t\n\t\t\t<div class=\"elementor-form-fields-wrapper elementor-labels-above\">\n\t\t\t\t\t\t\t\t<div class=\"elementor-field-type-text elementor-field-group elementor-column elementor-field-group-prenom elementor-col-100 elementor-field-required\">\n\t\t\t\t\t\t\t\t\t\t\t\t<label for=\"form-field-prenom\" class=\"elementor-field-label\">\n\t\t\t\t\t\t\t\tPr\u00e9nom*\t\t\t\t\t\t\t<\/label>\n\t\t\t\t\t\t\t\t\t\t\t\t\t\t<input size=\"1\" type=\"text\" name=\"form_fields[prenom]\" id=\"form-field-prenom\" class=\"elementor-field elementor-size-sm  elementor-field-textual\" required=\"required\">\n\t\t\t\t\t\t\t\t\t\t\t<\/div>\n\t\t\t\t\t\t\t\t<div class=\"elementor-field-type-text elementor-field-group elementor-column elementor-field-group-nom elementor-col-100\">\n\t\t\t\t\t\t\t\t\t\t\t\t<label for=\"form-field-nom\" class=\"elementor-field-label\">\n\t\t\t\t\t\t\t\tNom\t\t\t\t\t\t\t<\/label>\n\t\t\t\t\t\t\t\t\t\t\t\t\t\t<input size=\"1\" type=\"text\" name=\"form_fields[nom]\" id=\"form-field-nom\" class=\"elementor-field elementor-size-sm  elementor-field-textual\">\n\t\t\t\t\t\t\t\t\t\t\t<\/div>\n\t\t\t\t\t\t\t\t<div class=\"elementor-field-type-text elementor-field-group elementor-column elementor-field-group-email_client elementor-col-100 elementor-field-required\">\n\t\t\t\t\t\t\t\t\t\t\t\t<label for=\"form-field-email_client\" class=\"elementor-field-label\">\n\t\t\t\t\t\t\t\tAdresse e-mail*\t\t\t\t\t\t\t<\/label>\n\t\t\t\t\t\t\t\t\t\t\t\t\t\t<input size=\"1\" type=\"text\" name=\"form_fields[email_client]\" id=\"form-field-email_client\" class=\"elementor-field elementor-size-sm  elementor-field-textual\" required=\"required\">\n\t\t\t\t\t\t\t\t\t\t\t<\/div>\n\t\t\t\t\t\t\t\t<div class=\"elementor-field-type-text elementor-field-group elementor-column elementor-field-group-adresse elementor-col-100\">\n\t\t\t\t\t\t\t\t\t\t\t\t<label for=\"form-field-adresse\" class=\"elementor-field-label\">\n\t\t\t\t\t\t\t\tAdresse\t\t\t\t\t\t\t<\/label>\n\t\t\t\t\t\t\t\t\t\t\t\t\t\t<input size=\"1\" type=\"text\" name=\"form_fields[adresse]\" id=\"form-field-adresse\" class=\"elementor-field elementor-size-sm  elementor-field-textual\">\n\t\t\t\t\t\t\t\t\t\t\t<\/div>\n\t\t\t\t\t\t\t\t<div class=\"elementor-field-type-text elementor-field-group elementor-column elementor-field-group-ville elementor-col-100 elementor-field-required\">\n\t\t\t\t\t\t\t\t\t\t\t\t<label for=\"form-field-ville\" class=\"elementor-field-label\">\n\t\t\t\t\t\t\t\tVille*\t\t\t\t\t\t\t<\/label>\n\t\t\t\t\t\t\t\t\t\t\t\t\t\t<input size=\"1\" type=\"text\" name=\"form_fields[ville]\" id=\"form-field-ville\" class=\"elementor-field elementor-size-sm  elementor-field-textual\" required=\"required\">\n\t\t\t\t\t\t\t\t\t\t\t<\/div>\n\t\t\t\t\t\t\t\t<div class=\"elementor-field-type-text elementor-field-group elementor-column elementor-field-group-Ppays elementor-col-100 elementor-field-required\">\n\t\t\t\t\t\t\t\t\t\t\t\t<label for=\"form-field-Ppays\" class=\"elementor-field-label\">\n\t\t\t\t\t\t\t\tPays*\t\t\t\t\t\t\t<\/label>\n\t\t\t\t\t\t\t\t\t\t\t\t\t\t<input size=\"1\" type=\"text\" name=\"form_fields[Ppays]\" id=\"form-field-Ppays\" class=\"elementor-field elementor-size-sm  elementor-field-textual\" required=\"required\">\n\t\t\t\t\t\t\t\t\t\t\t<\/div>\n\t\t\t\t\t\t\t\t<div class=\"elementor-field-type-radio elementor-field-group elementor-column elementor-field-group-type_offre elementor-col-100\">\n\t\t\t\t\t\t\t\t\t\t\t\t<label for=\"form-field-type_offre\" class=\"elementor-field-label\">\n\t\t\t\t\t\t\t\tJe demande une offre pour:\t\t\t\t\t\t\t<\/label>\n\t\t\t\t\t\t<div class=\"elementor-field-subgroup  \"><span class=\"elementor-field-option\"><input type=\"radio\" value=\"Une \u0153uvre originale\" id=\"form-field-type_offre-0\" name=\"form_fields[type_offre]\"> <label for=\"form-field-type_offre-0\">Une \u0153uvre originale<\/label><\/span><span class=\"elementor-field-option\"><input type=\"radio\" value=\"Une tirage d&#039;art sign\u00e9 par l&#039;artiste, \u00e9dition limit\u00e9e \u00e0 30 exemplaires\" id=\"form-field-type_offre-1\" name=\"form_fields[type_offre]\"> <label for=\"form-field-type_offre-1\">Une tirage d'art sign\u00e9 par l'artiste, \u00e9dition limit\u00e9e \u00e0 30 exemplaires<\/label><\/span><\/div>\t\t\t\t<\/div>\n\t\t\t\t\t\t\t\t<div class=\"elementor-field-type-text elementor-field-group elementor-column elementor-field-group-titre elementor-col-100 elementor-field-required\">\n\t\t\t\t\t\t\t\t\t\t\t\t<label for=\"form-field-titre\" class=\"elementor-field-label\">\n\t\t\t\t\t\t\t\tNom de l'\u0153uvre*\t\t\t\t\t\t\t<\/label>\n\t\t\t\t\t\t\t\t\t\t\t\t\t\t<input size=\"1\" type=\"text\" name=\"form_fields[titre]\" id=\"form-field-titre\" class=\"elementor-field elementor-size-sm  elementor-field-textual\" placeholder=\"Piazza della Vittoria\" required=\"required\">\n\t\t\t\t\t\t\t\t\t\t\t<\/div>\n\t\t\t\t\t\t\t\t<div class=\"elementor-field-type-checkbox elementor-field-group elementor-column elementor-field-group-format_rect elementor-col-100\">\n\t\t\t\t\t\t\t\t\t\t\t\t<label for=\"form-field-format_rect\" class=\"elementor-field-label\">\n\t\t\t\t\t\t\t\tFormats standard\t\t\t\t\t\t\t<\/label>\n\t\t\t\t\t\t<div class=\"elementor-field-subgroup  \"><span class=\"elementor-field-option\"><input type=\"checkbox\" value=\"30 x 30 \/ 30 \u00d7 40 cm\" id=\"form-field-format_rect-0\" name=\"form_fields[format_rect][]\"> <label for=\"form-field-format_rect-0\">30 x 30 \/ 30 \u00d7 40 cm<\/label><\/span><span class=\"elementor-field-option\"><input type=\"checkbox\" value=\"40 x 40 \/ 40 \u00d7 50 cm\" id=\"form-field-format_rect-1\" name=\"form_fields[format_rect][]\"> <label for=\"form-field-format_rect-1\">40 x 40 \/ 40 \u00d7 50 cm<\/label><\/span><span class=\"elementor-field-option\"><input type=\"checkbox\" value=\"50 x 50 \/ 60 \u00d7 80 cm\" id=\"form-field-format_rect-2\" name=\"form_fields[format_rect][]\"> <label for=\"form-field-format_rect-2\">50 x 50 \/ 60 \u00d7 80 cm<\/label><\/span><\/div>\t\t\t\t<\/div>\n\t\t\t\t\t\t\t\t<div class=\"elementor-field-type-text elementor-field-group elementor-column elementor-field-group-forma_sur_mesure_carre elementor-col-100\">\n\t\t\t\t\t\t\t\t\t\t\t\t<label for=\"form-field-forma_sur_mesure_carre\" class=\"elementor-field-label\">\n\t\t\t\t\t\t\t\tFormat sur mesure\t\t\t\t\t\t\t<\/label>\n\t\t\t\t\t\t\t\t\t\t\t\t\t\t<input size=\"1\" type=\"text\" name=\"form_fields[forma_sur_mesure_carre]\" id=\"form-field-forma_sur_mesure_carre\" class=\"elementor-field elementor-size-sm  elementor-field-textual\" placeholder=\"P.ex. 80 cm x 80 cm\">\n\t\t\t\t\t\t\t\t\t\t\t<\/div>\n\t\t\t\t\t\t\t\t<div class=\"elementor-field-type-checkbox elementor-field-group elementor-column elementor-field-group-encadrement elementor-col-100\">\n\t\t\t\t\t\t\t\t\t\t\t\t<label for=\"form-field-encadrement\" class=\"elementor-field-label\">\n\t\t\t\t\t\t\t\tEncadrement*  baguettes bois, laqu\u00e9 ou naturel, profil carr\u00e9\t\t\t\t\t\t\t<\/label>\n\t\t\t\t\t\t<div class=\"elementor-field-subgroup  \"><span class=\"elementor-field-option\"><input type=\"checkbox\" value=\"Sans cadre\" id=\"form-field-encadrement-0\" name=\"form_fields[encadrement][]\"> <label for=\"form-field-encadrement-0\">Sans cadre<\/label><\/span><span class=\"elementor-field-option\"><input type=\"checkbox\" value=\"Cadre noir\" id=\"form-field-encadrement-1\" name=\"form_fields[encadrement][]\"> <label for=\"form-field-encadrement-1\">Cadre noir<\/label><\/span><span class=\"elementor-field-option\"><input type=\"checkbox\" value=\"Cadre blanc\" id=\"form-field-encadrement-2\" name=\"form_fields[encadrement][]\"> <label for=\"form-field-encadrement-2\">Cadre blanc<\/label><\/span><span class=\"elementor-field-option\"><input type=\"checkbox\" value=\"Cadre ch\u00eane\" id=\"form-field-encadrement-3\" name=\"form_fields[encadrement][]\"> <label for=\"form-field-encadrement-3\">Cadre ch\u00eane<\/label><\/span><\/div>\t\t\t\t<\/div>\n\t\t\t\t\t\t\t\t<div class=\"elementor-field-type-radio elementor-field-group elementor-column elementor-field-group-field_eb195e0 elementor-col-100 elementor-field-required\">\n\t\t\t\t\t\t\t\t\t\t\t\t<label for=\"form-field-field_eb195e0\" class=\"elementor-field-label\">\n\t\t\t\t\t\t\t\tPasse-partout*\t\t\t\t\t\t\t<\/label>\n\t\t\t\t\t\t<div class=\"elementor-field-subgroup  \"><span class=\"elementor-field-option\"><input type=\"radio\" value=\"Oui\" id=\"form-field-field_eb195e0-0\" name=\"form_fields[field_eb195e0]\" required=\"required\"> <label for=\"form-field-field_eb195e0-0\">Oui<\/label><\/span><span class=\"elementor-field-option\"><input type=\"radio\" value=\"Non\" id=\"form-field-field_eb195e0-1\" name=\"form_fields[field_eb195e0]\" required=\"required\"> <label for=\"form-field-field_eb195e0-1\">Non<\/label><\/span><\/div>\t\t\t\t<\/div>\n\t\t\t\t\t\t\t\t<div class=\"elementor-field-type-radio elementor-field-group elementor-column elementor-field-group-technique elementor-col-100 elementor-field-required\">\n\t\t\t\t\t\t\t\t\t\t\t\t<label for=\"form-field-technique\" class=\"elementor-field-label\">\n\t\t\t\t\t\t\t\tCouleur du passe-partout*\t\t\t\t\t\t\t<\/label>\n\t\t\t\t\t\t<div class=\"elementor-field-subgroup  \"><span class=\"elementor-field-option\"><input type=\"radio\" value=\"Blanc\" id=\"form-field-technique-0\" name=\"form_fields[technique]\" required=\"required\"> <label for=\"form-field-technique-0\">Blanc<\/label><\/span><span class=\"elementor-field-option\"><input type=\"radio\" value=\"Blanc cass\u00e9\" id=\"form-field-technique-1\" name=\"form_fields[technique]\" required=\"required\"> <label for=\"form-field-technique-1\">Blanc cass\u00e9<\/label><\/span><span class=\"elementor-field-option\"><input type=\"radio\" value=\"Cr\u00e8me\" id=\"form-field-technique-2\" name=\"form_fields[technique]\" required=\"required\"> <label for=\"form-field-technique-2\">Cr\u00e8me<\/label><\/span><span class=\"elementor-field-option\"><input type=\"radio\" value=\"Noir\" id=\"form-field-technique-3\" name=\"form_fields[technique]\" required=\"required\"> <label for=\"form-field-technique-3\">Noir<\/label><\/span><\/div>\t\t\t\t<\/div>\n\t\t\t\t\t\t\t\t<div class=\"elementor-field-group elementor-column elementor-field-type-submit elementor-col-100 e-form__buttons\">\n\t\t\t\t\t<button class=\"elementor-button elementor-size-sm\" type=\"submit\">\n\t\t\t\t\t\t<span class=\"elementor-button-content-wrapper\">\n\t\t\t\t\t\t\t\t\t\t\t\t\t\t\t\t\t\t\t\t\t\t<span class=\"elementor-button-text\">Envoyer la demande<\/span>\n\t\t\t\t\t\t\t\t\t\t\t\t\t<\/span>\n\t\t\t\t\t<\/button>\n\t\t\t\t<\/div>\n\t\t\t<\/div>\n\t\t<\/form>\n\t\t\t\t\t\t<\/div>\n\t\t\t\t<\/div>\n\t\t\t\t\t<\/div>\n\t\t\t\t<\/div>\n\t\t\t\t<\/div>\n\t\t","protected":false},"excerpt":{"rendered":"<p>Demande d&rsquo;offre Remplissez ce formulaire pour recevoir une offre personnalis\u00e9e pour: \u2022 Une \u0153uvre originale ou \u2022 Un tirage d\u2019art en \u00e9dition limit\u00e9e \u00e0 30 exemplaires, sign\u00e9 \u00e0 la main par l\u2019artiste. Je vous r\u00e9pondrai dans un ou deux jours ouvrables. En cas de question, je vous contacterai par e-mail.<\/p>","protected":false},"author":2,"featured_media":0,"parent":0,"menu_order":0,"comment_status":"closed","ping_status":"closed","template":"elementor_header_footer","meta":{"iawp_total_views":5,"footnotes":""},"class_list":["post-30036","page","type-page","status-publish","hentry"],"_links":{"self":[{"href":"https:\/\/enricopestalozziart.ch\/de\/wp-json\/wp\/v2\/pages\/30036","targetHints":{"allow":["GET"]}}],"collection":[{"href":"https:\/\/enricopestalozziart.ch\/de\/wp-json\/wp\/v2\/pages"}],"about":[{"href":"https:\/\/enricopestalozziart.ch\/de\/wp-json\/wp\/v2\/types\/page"}],"author":[{"embeddable":true,"href":"https:\/\/enricopestalozziart.ch\/de\/wp-json\/wp\/v2\/users\/2"}],"replies":[{"embeddable":true,"href":"https:\/\/enricopestalozziart.ch\/de\/wp-json\/wp\/v2\/comments?post=30036"}],"version-history":[{"count":5,"href":"https:\/\/enricopestalozziart.ch\/de\/wp-json\/wp\/v2\/pages\/30036\/revisions"}],"predecessor-version":[{"id":30187,"href":"https:\/\/enricopestalozziart.ch\/de\/wp-json\/wp\/v2\/pages\/30036\/revisions\/30187"}],"wp:attachment":[{"href":"https:\/\/enricopestalozziart.ch\/de\/wp-json\/wp\/v2\/media?parent=30036"}],"curies":[{"name":"wp","href":"https:\/\/api.w.org\/{rel}","templated":true}]}}